{"id":9030,"date":"2023-04-30T22:13:28","date_gmt":"2023-05-01T04:13:28","guid":{"rendered":"https:\/\/www.rhizomecenter.org\/?page_id=9030"},"modified":"2023-05-29T12:18:21","modified_gmt":"2023-05-29T18:18:21","slug":"contestrules-es","status":"publish","type":"page","link":"https:\/\/rhizomecenter.org\/es\/contestrules-es\/","title":{"rendered":"REGLAS DEL CONCURSO FOTOGRAF\u00cdA"},"content":{"rendered":"<p>Se solicitan las siguientes <strong>reglas y notas<\/strong> para nuestro concurso. <br><em>Click&nbsp;<a href=\"https:\/\/rhizomecenter.org\/es\/contestrules-en\/\"><mark style=\"background-color:rgba(0, 0, 0, 0)\" class=\"has-inline-color has-vivid-cyan-blue-color\">haga clic en este enlace<\/mark><\/a>&nbsp;to read these contest rules in English.<\/em><\/p>\n\n\n\n<figure class=\"wp-block-image size-large\"><img data-recalc-dims=\"1\" loading=\"lazy\" decoding=\"async\" width=\"576\" height=\"1024\" src=\"https:\/\/i0.wp.com\/rhizomecenter.org\/wp-content\/uploads\/2023\/04\/Contest-Flier-Spanish-2.png?resize=576%2C1024&#038;ssl=1\" alt=\"\" class=\"wp-image-9036\" srcset=\"https:\/\/i0.wp.com\/rhizomecenter.org\/wp-content\/uploads\/2023\/04\/Contest-Flier-Spanish-2.png?resize=576%2C1024&amp;ssl=1 576w, https:\/\/i0.wp.com\/rhizomecenter.org\/wp-content\/uploads\/2023\/04\/Contest-Flier-Spanish-2.png?resize=169%2C300&amp;ssl=1 169w, https:\/\/i0.wp.com\/rhizomecenter.org\/wp-content\/uploads\/2023\/04\/Contest-Flier-Spanish-2.png?resize=768%2C1365&amp;ssl=1 768w, https:\/\/i0.wp.com\/rhizomecenter.org\/wp-content\/uploads\/2023\/04\/Contest-Flier-Spanish-2.png?resize=864%2C1536&amp;ssl=1 864w, https:\/\/i0.wp.com\/rhizomecenter.org\/wp-content\/uploads\/2023\/04\/Contest-Flier-Spanish-2.png?resize=7%2C12&amp;ssl=1 7w, https:\/\/i0.wp.com\/rhizomecenter.org\/wp-content\/uploads\/2023\/04\/Contest-Flier-Spanish-2.png?resize=295%2C524&amp;ssl=1 295w, https:\/\/i0.wp.com\/rhizomecenter.org\/wp-content\/uploads\/2023\/04\/Contest-Flier-Spanish-2.png?resize=590%2C1048&amp;ssl=1 590w, https:\/\/i0.wp.com\/rhizomecenter.org\/wp-content\/uploads\/2023\/04\/Contest-Flier-Spanish-2.png?w=1080&amp;ssl=1 1080w\" sizes=\"auto, (max-width: 576px) 100vw, 576px\" \/><\/figure>\n\n\n\n<h1 class=\"wp-block-heading\"><strong>Vigencia:<\/strong><\/h1>\n\n\n\n<p>El Segundo Concurso Anual del Centro Rizoma del Migrante comienza el 30 de abril de 2023 y termina el 15 de junio de 2023 a las 5:00 p.m. hora del Centro de M\u00e9xico. Al participar en el concurso, los concursantes t\u00e1citamente aceptan respetar las reglas del mismo.<\/p>\n\n\n\n<h1 class=\"wp-block-heading\"><strong><strong>Qui\u00e9n puede participar<\/strong>:<\/strong><\/h1>\n\n\n\n<p>La categor\u00eda \u201cRetorno y Pertenencia\u201d est\u00e1 abierta a residentes en M\u00e9xico que tengan 18 a\u00f1os o m\u00e1s y que hayan sido retornados o deportados o hayan vivido los efectos de tales experiencias.<br><br>La categor\u00eda \u201cAspiraciones y Barreras\u201d est\u00e1 abierta a ciudadanos estadounidenses residentes en M\u00e9xico que tengan entre 10 y 17 a\u00f1os y cuyos padres, o al menos uno de ellos, sea de nacionalidad mexicana y haya tenido alguna experiencia en materia de migraci\u00f3n.<\/p>\n\n\n\n<p>Las personas afiliadas al Centro Rizoma del Migrante, incluyendo empleados, miembros del consejo, pasantes, voluntarios y becarios, as\u00ed como sus familiares inmediatos (hijos, padres, hermanos y c\u00f3nyuges) y otros que est\u00e9n viviendo en su casa, no podr\u00e1n calificar para ning\u00fan premio. El Centro Rizoma del Migrante determinar\u00e1 la elegibilidad de los ganadores a su absoluta discreci\u00f3n.<\/p>\n\n\n\n<h1 class=\"wp-block-heading\"><strong><strong><strong>Qu\u00e9 envia<\/strong><\/strong>r:<\/strong><\/h1>\n\n\n\n<p>Las siguientes dos (2) categor\u00edas del concurso se basan en temas de especial inter\u00e9s para el Centro Rizoma del Migrante:&nbsp;<\/p>\n\n\n\n<p><strong>1. Retorno y Pertenencia:<\/strong>&nbsp; Personas, sucesos, objetos o actividades que relacionen el retorno o la deportaci\u00f3n con una historia o con un patrimonio cultural; fotograf\u00edas que nos hablen de lo que significa pertenecer a dos naciones y proporcionen una idea de lo que significa vivir en M\u00e9xico.&nbsp;<\/p>\n\n\n\n<p><strong>2. Aspiraciones y Barreras:<\/strong> Fotograf\u00edas que describan los sue\u00f1os e ideales de los concursantes o los retos a los que se enfrentan para alcanzar tales aspiraciones.<\/p>\n\n\n\n<p>Para poder participar en cualquiera de las categor\u00edas, la fotograf\u00eda debe haber sido tomada por el concursante, quien deber\u00e1 certificar que \u00e9l o ella es el creador y propietario exclusivo de los derechos de autor de la fotograf\u00eda enviada.&nbsp;<\/p>\n\n\n\n<p>En ambas categor\u00edas se aceptan fotos recortadas o con ajustes menores, incluyendo: eliminaci\u00f3n de polvo del sensor o rayones en el escaneo de negativos, aclaramiento y oscurecimiento, aumento de nitidez, cambios en el contraste y la tonalidad, ligero ajuste de color y conversi\u00f3n a escala de grises. Por otro lado, no se permite a\u00f1adir ni eliminar objetos. Si los jueces determinan que el concursante alter\u00f3 la fotograf\u00eda m\u00e1s de lo que las buenas pr\u00e1cticas del fotoperiodismo consideran aceptable, se reservar\u00e1n el derecho de descalificarlo(a).&nbsp;<\/p>\n\n\n\n<p>En el caso de fotograf\u00edas en las que se pueda reconocer a alguna persona, si el Centro Rizoma del Migrante lo solicita, se deber\u00e1 presentar una carta de cesi\u00f3n de derechos de imagen firmada por la persona en cuesti\u00f3n, o si se trata de menores de edad, firmada por la madre, el padre o tutor. Esta carta no ser\u00e1 necesaria si la persona que aparece en la fotograf\u00eda, ya sea mayor o menor de edad, es el\/la concursante. <strong><a rel=\"noreferrer noopener\" href=\"https:\/\/acrobat.adobe.com\/link\/track?uri=urn:aaid:scds:US:d71fdee8-9a46-4489-ae4c-969f984a445a\" target=\"_blank\"><mark style=\"background-color:rgba(0, 0, 0, 0)\" class=\"has-inline-color has-vivid-cyan-blue-color\"><span style=\"text-decoration: underline;\">Aqu\u00ed est\u00e1 disponible un ejemplo de la carta de cesi\u00f3n de derechos de imagen.<\/span><\/mark><\/a>&nbsp;<\/strong><\/p>\n\n\n\n<p>Si al concursante no le es posible presentar las autorizaciones necesarias, el Centro Rizoma del Migrante, a su absoluta discreci\u00f3n, se reserva el derecho de descalificar su participaci\u00f3n, tratar de obtener las autorizaciones necesarias, o permitir que la fotograf\u00eda permanezca en el concurso.<\/p>\n\n\n\n<p>Las fotograf\u00edas deber\u00e1n tomarse de conformidad con las leyes federales, estatales y locales.<\/p>\n\n\n\n<p>Toda fotograf\u00eda que viole o infrinja los derechos de cualquier persona, incluyendo, entre otros, los derechos de autor, quedar\u00e1 descalificada.<\/p>\n\n\n\n<p>No se aceptar\u00e1n en ninguna de las categor\u00edas del concurso fotograf\u00edas con contenido sexual expl\u00edcito, obsceno, violento, desnudos o alg\u00fan otro contenido ofensivo o inapropiado, lo cual ser\u00e1 determinado por el Centro Rizoma del Migrante a su absoluta discreci\u00f3n.<\/p>\n\n\n\n<h1 class=\"wp-block-heading\"><strong><strong><strong>Cuestiones \u00e9ticas<\/strong><\/strong>:<\/strong><\/h1>\n\n\n\n<p>Si se les solicita, los participantes deber\u00e1n dar a conocer las circunstancias en las que se tom\u00f3 la fotograf\u00eda, as\u00ed como las instrucciones dadas a la(s) persona(s) que ah\u00ed aparece(n).<\/p>\n\n\n\n<p>El bienestar y la seguridad de las personas y su entorno deben anteponerse al deseo de capturar una imagen. Al entrar al concurso, los participantes hacen constar que todas las personas fueron tratadas con respeto y dignidad, y que ninguna persona result\u00f3 lastimada durante la toma de la fotograf\u00eda.<\/p>\n\n\n\n<h1 class=\"wp-block-heading\"><strong><strong><strong><strong>C\u00f3mo participar<\/strong><\/strong><\/strong>:<\/strong><\/h1>\n\n\n\n<p>Las fotograf\u00edas y la informaci\u00f3n solicitada deber\u00e1n enviarse en l\u00ednea a trav\u00e9s de nuestro <a rel=\"noreferrer noopener\" href=\"https:\/\/forms.gle\/1uZQfa6euLW6AXWe7\" target=\"_blank\"><span style=\"text-decoration: underline;\"><mark style=\"background-color:rgba(0, 0, 0, 0)\" class=\"has-inline-color has-vivid-cyan-blue-color\">formulario de participaci\u00f3n<\/mark><\/span><\/a>. No se aceptar\u00e1n fotograf\u00edas enviadas por correo postal o por correo electr\u00f3nico. En cada categor\u00eda se puede participar con hasta 3 fotograf\u00edas y es necesario llenar un formulario para cada fotograf\u00eda enviada.<\/p>\n\n\n\n<p><strong>Las fotograf\u00edas deber\u00e1n enviarse en formato .jpeg, .jpg o .gif, con una resoluci\u00f3n m\u00ednima de 1200 x 1680 pixeles.<\/strong> Las fotograf\u00edas digitales deben tomarse con la m\u00e1s alta resoluci\u00f3n posible, incluso si se toman con un tel\u00e9fono celular. Tambi\u00e9n son aceptables los escaneos de alta calidad de fotograf\u00edas no digitales.&nbsp;<\/p>\n\n\n\n<p>El Centro Rizoma se reserva el derecho de recopilar los metadatos de las fotograf\u00edas una vez enviadas.<\/p>\n\n\n\n<p>Los concursantes conservar\u00e1n los derechos sobre sus fotograf\u00edas, sin embargo, al participar en el concurso le otorgan al Centro Rizoma del Migrante (y a todo tercero autorizado por el Centro Rizoma) una licencia libre de regal\u00edas, universal, a perpetuidad y no exclusiva para exhibir p\u00fablicamente, distribuir, reproducir y crear trabajos derivados de las fotograf\u00edas enviadas, ya sea totalmente o parcialmente, en cualquier medio existente o que se desarrolle en el futuro, para el prop\u00f3sito que fuere, incluyendo de manera enunciativa mas no limitativa: publicidad y promoci\u00f3n de la revista y su sitio web, exhibici\u00f3n y productos comerciales (incluyendo cualquier venta de productos en los que se utilice la fotograf\u00eda). En la medida de lo posible, toda fotograf\u00eda reproducida incluir\u00e1 el cr\u00e9dito del fot\u00f3grafo. El Centro Rizoma del Migrante no estar\u00e1 obligado a pagar ninguna contraprestaci\u00f3n adicional ni a obtener aprobaci\u00f3n adicional alguna en relaci\u00f3n con dichos usos.<\/p>\n\n\n\n<h1 class=\"wp-block-heading\"><strong><strong><strong><strong><strong>Uso de datos personales<\/strong><\/strong><\/strong><\/strong>:<\/strong><\/h1>\n\n\n\n<p>Para participar en el concurso se requiere la recopilaci\u00f3n del nombre y correo electr\u00f3nico de todos los concursantes, cada uno de los cuales, al concursar, otorga su consentimiento para el uso de su nombre y correo electr\u00f3nico para fines de comunicaci\u00f3n posterior en relaci\u00f3n con este concurso.<\/p>\n\n\n\n<h1 class=\"wp-block-heading\"><strong><strong><strong><strong><strong><strong>Fecha l\u00edmite para participar<\/strong><\/strong><\/strong><\/strong><\/strong>:<\/strong><\/h1>\n\n\n\n<p>El concurso comienza el 30 de abril del 2023. Todas las fotograf\u00edas deber recibirse a trav\u00e9s de nuestro <a rel=\"noreferrer noopener\" href=\"https:\/\/forms.gle\/1uZQfa6euLW6AXWe7\" target=\"_blank\"><span style=\"text-decoration: underline;\"><mark style=\"background-color:rgba(0, 0, 0, 0)\" class=\"has-inline-color has-vivid-cyan-blue-color\">formulario de participaci\u00f3n<\/mark><\/span><\/a> a m\u00e1s tardar a las 5:00 p.m. hora del Centro de M\u00e9xico del 15 de junio de 2023.<\/p>\n\n\n\n<h1 class=\"wp-block-heading\"><strong><strong>Evaluaci\u00f3n del jurado<\/strong>:<\/strong><\/h1>\n\n\n\n<p>Las fotograf\u00edas recibidas ser\u00e1n evaluadas con base en la creatividad, calidad, originalidad, relevancia y relaci\u00f3n con la categor\u00eda elegida e impacto en general.<\/p>\n\n\n\n<p>El Centro Rizoma del Migrante seleccionar\u00e1 a diez (10) finalistas por categor\u00eda y a un ganador de cada categor\u00eda. Los veinte (20) finalistas recibir\u00e1n una notificaci\u00f3n al respecto y aparecer\u00e1n en nuestro sitio web el mes de junio de 2023. Los ganadores de las categor\u00edas ser\u00e1n publicados en l\u00ednea durante el verano de 2023. Estas fechas pueden estar sujetas a cambios.<\/p>\n\n\n\n<p>El Centro Rizoma del Migrante notificar\u00e1 a los ganadores a trav\u00e9s de los datos de contacto proporcionados al entrar al concurso y podr\u00e1 descalificar a cualquier concursante que no responda a la notificaci\u00f3n dentro de los siguientes cinco (5) d\u00edas h\u00e1biles.<\/p>\n\n\n\n<p>Favor de no contactarnos para conocer el estatus de su participaci\u00f3n o la decisi\u00f3n del jurado.<\/p>\n\n\n\n<h1 class=\"wp-block-heading\"><strong><strong><strong>Premios<\/strong><\/strong>:<\/strong><\/h1>\n\n\n\n<p>Se entregar\u00e1n dos (2) premios de la siguiente manera:<\/p>\n\n\n\n<p><strong>Ganadores de categor\u00eda:<\/strong> Los ganadores de cada una de las dos (2) categor\u00edas recibir\u00e1n 10,000 MXN.<\/p>\n\n\n\n<p>El premio en efectivo se limitar\u00e1 a uno por persona, pero los ganadores podr\u00edan recibir premios adicionales que no sean dinero en efectivo. Los ganadores deber\u00e1n firmar una cesi\u00f3n de derechos y licencia, as\u00ed como una declaraci\u00f3n de elegibilidad, y ser\u00e1n responsables de pagar cualesquiera tarifas o impuestos asociados con el premio.Todos los premios se otorgan \u201ctal cual\u201d y no son transferibles. En caso de que la legislaci\u00f3n aplicable proh\u00edba al Centro Rizoma entregarle al ganador el premio en efectivo y\/o alg\u00fan premio que no sea dinero en efectivo, el Centro Rizoma otorgar\u00e1 el premio solamente con menci\u00f3n del nombre.<\/p>\n\n\n\n<h1 class=\"wp-block-heading\"><strong><strong><strong><strong>Aparici\u00f3n en l\u00ednea<\/strong><\/strong><\/strong>:<\/strong><\/h1>\n\n\n\n<p>El Centro Rizoma podr\u00e1 seleccionar fotos para mostrarlas en su sitio web o en un archivo de acceso p\u00fablico sobre el concurso. Dichas selecciones ser\u00e1n hechas por el Centro Rizoma a su absoluta discreci\u00f3n.<\/p>\n\n\n\n<h1 class=\"wp-block-heading\"><strong><strong><strong><strong><strong>Condiciones de la participaci\u00f3n<\/strong><\/strong><\/strong><\/strong>:<\/strong><\/h1>\n\n\n\n<p>Todos los participantes convienen en sacar en paz y a salvo a los patrocinadores y a sus respectivos representantes, consejeros, directivos, empleados, em\u00e9ritos, becarios, pasantes, investigadores asociados y voluntarios (la \u201cParte Indemnizada\u201d) de toda reclamaci\u00f3n, de la naturaleza que fuere, derivada de o en relaci\u00f3n con la participaci\u00f3n del concursante en el concurso y la aceptaci\u00f3n o el uso de alg\u00fan premio. La Parte Indemnizada no ser\u00e1 responsable de ning\u00fan costo, da\u00f1o o perjuicio, lesi\u00f3n u otra reclamaci\u00f3n en la que se incurra debido a la participaci\u00f3n en el concurso o la aceptaci\u00f3n o el uso del premio por parte del ganador. La Parte Indemnizada no ser\u00e1 responsable de fotograf\u00edas enviadas incompletas o a otro lugar, ni de fallas t\u00e9cnicas o el mal funcionamiento de la red, ni de causas que est\u00e9n m\u00e1s all\u00e1 de su control. Los participantes son los \u00fanicos responsables de las fotograf\u00edas que env\u00eden y no deber\u00e1n enviar material que contenga virus, gusanos inform\u00e1ticos u otros programas dise\u00f1ados para da\u00f1ar el <em>software<\/em>, el <em>hardware<\/em> o el equipo de telecomunicaciones, o que no se relacione con el tema del concurso, contenga material de tipo pol\u00edtico o de partidos, publicidad, desnudos, ataques personales o groser\u00edas, o que de alguna otra manera sea abusivo, amenazante, ilegal, acosador, discriminatorio, difamatorio, obsceno, falso, sexualmente expl\u00edcito, o infrinja los derechos de cualquier tercero.<\/p>\n\n\n\n<p>El concurso se anular\u00e1 en caso de que est\u00e9 prohibido o restringido por la ley. El Centro Rizoma del Migrante se reserva el derecho de cancelar o modificar estas reglas a su absoluta discreci\u00f3n. En caso de que surja alg\u00fan conflicto en relaci\u00f3n con los ganadores, el Centro Rizoma se reserva el derecho de otorgar o no otorgar los premios a su absoluta discreci\u00f3n. El Centro Rizoma se reserva el derecho de descalificar a cualquier participante cuyo material o conducta: inhiba el goce y disfrute de terceros; manipule o corrompa el concurso; viole estas reglas o cualquier otra ley o regulaci\u00f3n aplicables; infrinja los derechos de terceros; o act\u00fae de forma antideportiva o disruptiva. <strong>Las decisiones del Centro Rizoma son definitivas y vinculantes.<\/strong><br><br><\/p>\n\n\n\n<div class=\"wp-block-buttons is-content-justification-center is-layout-flex wp-container-core-buttons-is-layout-16018d1d wp-block-buttons-is-layout-flex\">\n<div class=\"wp-block-button has-custom-font-size has-medium-font-size\"><a class=\"wp-block-button__link has-luminous-vivid-amber-background-color has-background has-text-align-center wp-element-button\" href=\"https:\/\/forms.gle\/1uZQfa6euLW6AXWe7\" target=\"_blank\" rel=\"noreferrer noopener\">Formulario de participaci\u00f3n<\/a><\/div>\n<\/div>\n\n\n\n<p><br><\/p>","protected":false},"excerpt":{"rendered":"<p>Se solicitan las siguientes reglas y notas para nuestro concurso. Click&nbsp;here&nbsp;to read these contest rules in English. Vigencia: El Segundo Concurso Anual del Centro Rizoma del Migrante comienza el 30 de abril de 2023 y termina el 15 de junio de 2023 a las 5:00 p.m. hora del Centro de M\u00e9xico. Al participar en el [&hellip;]<\/p>","protected":false},"author":2,"featured_media":0,"parent":0,"menu_order":0,"comment_status":"closed","ping_status":"closed","template":"","meta":{"give_campaign_id":0,"footnotes":""},"class_list":["post-9030","page","type-page","status-publish","hentry"],"campaignId":"","jetpack_sharing_enabled":true,"_links":{"self":[{"href":"https:\/\/rhizomecenter.org\/es\/wp-json\/wp\/v2\/pages\/9030","targetHints":{"allow":["GET"]}}],"collection":[{"href":"https:\/\/rhizomecenter.org\/es\/wp-json\/wp\/v2\/pages"}],"about":[{"href":"https:\/\/rhizomecenter.org\/es\/wp-json\/wp\/v2\/types\/page"}],"author":[{"embeddable":true,"href":"https:\/\/rhizomecenter.org\/es\/wp-json\/wp\/v2\/users\/2"}],"replies":[{"embeddable":true,"href":"https:\/\/rhizomecenter.org\/es\/wp-json\/wp\/v2\/comments?post=9030"}],"version-history":[{"count":0,"href":"https:\/\/rhizomecenter.org\/es\/wp-json\/wp\/v2\/pages\/9030\/revisions"}],"wp:attachment":[{"href":"https:\/\/rhizomecenter.org\/es\/wp-json\/wp\/v2\/media?parent=9030"}],"curies":[{"name":"wp","href":"https:\/\/api.w.org\/{rel}","templated":true}]}}