{"id":2382,"date":"2020-10-10T20:19:52","date_gmt":"2020-10-11T01:19:52","guid":{"rendered":"https:\/\/www.rhizomecenter.org\/?page_id=2382"},"modified":"2020-10-13T20:39:39","modified_gmt":"2020-10-14T01:39:39","slug":"legal-clinic","status":"publish","type":"page","link":"https:\/\/rhizomecenter.org\/es\/legal-clinic\/","title":{"rendered":"Legal Clinic"},"content":{"rendered":"<section   class=\"fw-main-row-custom fw-main-row-top fw-section-no-padding  auto  fw-section-position-back tf-sh-d09dd2e125d5177616aa2016b6317769\"    >\n\t\t\t<div class=\"fw-container\" >\n\t\t<div class=\"fw-row\">\n\t<div id=\"column-69f15e3070bd6\" class=\"fw-col-sm-12 tf-sh-307f81afa9fcb760e24194b125f26da8\" >\n\t<div class=\"fw-wrap-col-inner clearfix\"   >\n\t\t\t\t<div class=\"fw-col-inner\">\n\t\t\t<div class=\"fw-divider-space  fw-custom-space  clearfix\" style=\"height:100px;\" ><\/div>\t\t<\/div>\n\t<\/div>\n<\/div><\/div>\n\n<div class=\"fw-row\">\n\t<div id=\"column-69f15e30713d2\" class=\"fw-col-sm-8 tf-sh-08a16981f8dc402d83319c67e5692a73\" >\n\t<div class=\"fw-wrap-col-inner clearfix\"   >\n\t\t\t\t<div class=\"fw-col-inner\">\n\t\t\t<div class=\"fw-heading fw-heading-left  tf-sh-86ad63b7e84b040e5589736040350086\" >\n\t\t\t<h1 class=\"fw-special-title\"><span style=\"font-weight:900;\">ASESOR\u00cdA LEGAL <\/span>Y ABOGAC\u00cdA<\/h1>\n\t\n\t\n\t<\/div>\t\t<\/div>\n\t<\/div>\n<\/div><div id=\"column-69f15e3071c86\" class=\"fw-col-sm-4 tf-sh-78041810f5f5dabf8162c63c926ccd93\" >\n\t<div class=\"fw-wrap-col-inner clearfix\"   >\n\t\t\t\t<div class=\"fw-col-inner\">\n\t\t\t<div class=\"fw-text-box tf-sh-e92cbe2e706fbe6d55aae114d5f754b1\" >\n\t<div class=\"fw-text-inner\">\n\t\t<p><div class=\"ss-inline-share-wrapper\"><div class=\"ss-inline-share-content\"><\/div><\/div><\/p>\n\t<\/div>\n<\/div>\t\t<\/div>\n\t<\/div>\n<\/div><\/div>\n\n<div class=\"fw-row\">\n\t<div id=\"column-69f15e3072796\" class=\"fw-col-sm-12 tf-sh-307f81afa9fcb760e24194b125f26da8\" >\n\t<div class=\"fw-wrap-col-inner clearfix\"   >\n\t\t\t\t<div class=\"fw-col-inner\">\n\t\t\t<div class=\"fw-divider-space  fw-custom-space  clearfix\" style=\"height:30px;\" ><\/div>\t\t<\/div>\n\t<\/div>\n<\/div><\/div>\n\n<div class=\"fw-row\">\n\t<div id=\"column-69f15e3072847\" class=\"fw-col-sm-12 tf-sh-307f81afa9fcb760e24194b125f26da8\" >\n\t<div class=\"fw-wrap-col-inner clearfix\"   >\n\t\t\t\t<div class=\"fw-col-inner\">\n\t\t\t<div class=\"fw-text-box tf-sh-3e8895b71534020cce6684262981194a\" >\n\t<div class=\"fw-text-inner\">\n\t\t<p><span style=\"font-weight: 400;\">En el oeste central de M\u00e9xico, Jalisco todav\u00eda es uno de los estados mexicanos principales que m\u00e1s se ve afectado por la deportaci\u00f3n. Sin embargo, ninguna entidad gubernamental se responsabiliza por auxiliar a los migrantes deportados para resolver cuestiones binacionales que conciernen derechos y garant\u00edas significantes de los jaliscienses deportados de Estados Unidos.<\/span><\/p>\n<p>En el 2018 el Centro Rizoma del Migrante colabor\u00f3 con Casa Scalabrini \u2013 Centro de Pastoral Migratoria para proveerle servicios directos de asesor\u00eda legal de EE.UU. a los migrantes deportados del refugio de Casa Scalabrini en Guadalajara, la capital del estado. El Centro Rizoma del Migrante es el primer centro de asesor\u00eda legal situado al sur de la frontera que se dedica a apoyar a los ni\u00f1os, mujeres, hombres y adultos mayores jaliscienses, as\u00ed como veteranos de guerra de EE.UU., que han sido deportados. El Centro Rizoma del Migrante es el \u00faltimo recurso de los jaliscienses deportados que cuentan con derechos legales de EE.UU. que conciernen la garant\u00eda de acceso a la justicia, la familia y las protecciones laborales.<\/p>\n\t<\/div>\n<\/div>\t\t<\/div>\n\t<\/div>\n<\/div><\/div>\n\n<div class=\"fw-row\">\n\t<div id=\"column-69f15e30728f8\" class=\"fw-col-sm-12 tf-sh-307f81afa9fcb760e24194b125f26da8\" >\n\t<div class=\"fw-wrap-col-inner clearfix\"   >\n\t\t\t\t<div class=\"fw-col-inner\">\n\t\t\t<div class=\"fw-divider-space  fw-custom-space  clearfix\" style=\"height:30px;\" ><\/div>\t\t<\/div>\n\t<\/div>\n<\/div><\/div>\n\n<div class=\"fw-row\">\n\t<div id=\"column-69f15e307295f\" class=\"fw-col-sm-12 tf-sh-307f81afa9fcb760e24194b125f26da8\" >\n\t<div class=\"fw-wrap-col-inner clearfix\"   >\n\t\t\t\t<div class=\"fw-col-inner\">\n\t\t\t<div class=\"fw-text-box tf-sh-15b4b427841c749ec0bea1edc35d5129\" >\n\t<div class=\"fw-text-inner\">\n\t\t<p style=\"text-align: center;\">#familyreunification #legalreturn #parentalrights #humanitarianrelief #accesstowages #accesstoproperty #veteransbenefits #theftprotection #postconvictionrelief\u00a0<\/p>\n\t<\/div>\n<\/div>\t\t<\/div>\n\t<\/div>\n<\/div><\/div>\n\n<div class=\"fw-row\">\n\t<div id=\"column-69f15e30729d7\" class=\"fw-col-sm-12 tf-sh-307f81afa9fcb760e24194b125f26da8\" >\n\t<div class=\"fw-wrap-col-inner clearfix\"   >\n\t\t\t\t<div class=\"fw-col-inner\">\n\t\t\t<div class=\"fw-divider-space  fw-custom-space  clearfix\" style=\"height:40px;\" ><\/div>\t\t<\/div>\n\t<\/div>\n<\/div><\/div>\n\n<div class=\"fw-row\">\n\t<div id=\"column-69f15e3072a62\" class=\"fw-col-sm-12 tf-sh-307f81afa9fcb760e24194b125f26da8\" >\n\t<div class=\"fw-wrap-col-inner clearfix\"   >\n\t\t\t\t<div class=\"fw-col-inner\">\n\t\t\t\t<div class=\"fw-imagebox clearfix fw-imagebox-1 tf-sh-6be991977bcfa463708102450ec65bfb text-left\"  style=\"\">\n\t\t\t\t\t\t\t\t\t\t<div class=\"fw-block-image-parent\" style=\"width: 100%;\">\n\t\t\t\t\t\t\t\t\t<div class=\"fw-block-image-child fw-noratio fw-ratio-container\">\n\t\t\t\t\t\t<noscript itemscope itemtype=\"https:\/\/schema.org\/ImageObject\" itemprop=\"image\"><img data-recalc-dims=\"1\" decoding=\"async\" src=\"https:\/\/i0.wp.com\/rhizomecenter.org\/wp-content\/uploads\/2020\/04\/DSC_8615.jpg?ssl=1\"  alt=\"LPR\" data-maxdpr=\"1.7\" class=\"lazyload\" \/><meta itemprop=\"url\" content=\"https:\/\/rhizomecenter.org\/wp-content\/uploads\/2020\/04\/DSC_8615.jpg\"><meta itemprop=\"width\" content=\"1920\"><meta itemprop=\"height\" content=\"943\"><\/noscript><img decoding=\"async\" src=\"data:image\/gif;base64,R0lGODlhAQABAIAAAAAAAP\/\/\/yH5BAEAAAAALAAAAAABAAEAAAIBRAA7\" data-sizes=\"auto\" data-srcset=\"https:\/\/rhizomecenter.org\/wp-content\/uploads\/2020\/04\/DSC_8615.jpg\"   alt=\"LPR\" data-maxdpr=\"1.7\" class=\"lazyload\" \/><span class=\"fw-after-no-ratio\" style=\"padding-bottom: 49.114583333333%\"><\/span>\t\t\t\t\t<\/div>\n\t\t\t\t\t\t\t<\/div>\n\t\t\n\t<div class=\"fw-imagebox-aside\" style=\"\">\n\t\t\n\t\t\n\t\t\t<\/div>\n\t<\/div>\n\t\t<\/div>\n\t<\/div>\n<\/div><\/div>\n\n<div class=\"fw-row\">\n\t<div id=\"column-69f15e3073981\" class=\"fw-col-sm-12 tf-sh-307f81afa9fcb760e24194b125f26da8\" >\n\t<div class=\"fw-wrap-col-inner clearfix\"   >\n\t\t\t\t<div class=\"fw-col-inner\">\n\t\t\t<div class=\"fw-divider-space  fw-custom-space  clearfix\" style=\"height:40px;\" ><\/div>\t\t<\/div>\n\t<\/div>\n<\/div><\/div>\n\n<div class=\"fw-row\">\n\t<div id=\"column-69f15e30739fa\" class=\"fw-col-sm-12 tf-sh-307f81afa9fcb760e24194b125f26da8\" >\n\t<div class=\"fw-wrap-col-inner clearfix\"   >\n\t\t\t\t<div class=\"fw-col-inner\">\n\t\t\t<div class=\"fw-text-box tf-sh-7f970f734d2ab587556aa5387a42454a\" >\n\t<div class=\"fw-text-inner\">\n\t\t<p><span style=\"color: #000000;\">En 2019, el panorama migratorio de Guadalajara cambi\u00f3 de forma dr\u00e1stica a causa de la reanudaci\u00f3n del Procedimiento de Repatriaci\u00f3n al Interior de M\u00e9xico (PRIM), un programa binacional que permite que deporten a los migrantes al interior de M\u00e9xico en lugar de a los puntos designados<\/span> <span style=\"color: #000000;\">de repatriaci\u00f3n que se encuentran a lo largo de la frontera entre M\u00e9xico y EE.UU. Mediante entrevistas de migrantes, el Centro Rizoma del Migrante se inform\u00f3 acerca de <span style=\"color: #0000ff;\"><a style=\"color: #0000ff;\" href=\"https:\/\/rhizomecenter.org\/es\/interior-repatriation-initiative-90-day-update-from-guadalajara\/\">los abusos contra los derechos y libertades civiles<\/a> <span style=\"color: #000000;\">que ten\u00edan lugar en los centros de detenci\u00f3n de migrantes asociados con PRIM, as\u00ed como en los centros de detenci\u00f3n de la Oficina de Aduanas y Protecci\u00f3n Fronteriza (CBP, tal sus siglas en ingl\u00e9s). Como parte de su proyecto de reportes, el Centro Rizoma del Migrante<\/span><\/span>documenta y presenta denuncias en nombre de los migrantes del PRIM que son victimas de agresi\u00f3n sexual, racismo sist\u00e9mico, uso excesivo de la fuerza u otros abusos graves que sufrieron mientras que estaban detenidos por EE.UU.<\/span><\/p>\n\t<\/div>\n<\/div>\t\t<\/div>\n\t<\/div>\n<\/div><\/div>\n\n<div class=\"fw-row\">\n\t<div id=\"column-69f15e3073a96\" class=\"fw-col-sm-12 tf-sh-307f81afa9fcb760e24194b125f26da8\" >\n\t<div class=\"fw-wrap-col-inner clearfix\"   >\n\t\t\t\t<div class=\"fw-col-inner\">\n\t\t\t<div class=\"fw-divider-space  fw-custom-space  clearfix\" style=\"height:40px;\" ><\/div>\t\t<\/div>\n\t<\/div>\n<\/div><\/div>\n\n<div class=\"fw-row\">\n\t<div id=\"column-69f15e3073b07\" class=\"fw-col-sm-12 tf-sh-307f81afa9fcb760e24194b125f26da8\" >\n\t<div class=\"fw-wrap-col-inner clearfix\"   >\n\t\t\t\t<div class=\"fw-col-inner\">\n\t\t\t\t<div class=\"fw-imagebox clearfix fw-imagebox-1 tf-sh-c16a5b44691a662a9615e689eae3c78b text-left\"  style=\"\">\n\t\t\t\t\t\t\t\t\t\t<div class=\"fw-block-image-parent\" style=\"width: 100%;\">\n\t\t\t\t\t\t\t\t\t<div class=\"fw-block-image-child fw-ratio-3-2 fw-ratio-container\">\n\t\t\t\t\t\t<noscript itemscope itemtype=\"https:\/\/schema.org\/ImageObject\" itemprop=\"image\"><img data-recalc-dims=\"1\" decoding=\"async\" src=\"https:\/\/i0.wp.com\/rhizomecenter.org\/wp-content\/uploads\/2020\/01\/ICE-Air.jpg?ssl=1\"  alt=\"ICE Air\" data-maxdpr=\"1.7\" class=\"lazyload\" \/><meta itemprop=\"url\" content=\"https:\/\/rhizomecenter.org\/wp-content\/uploads\/2020\/01\/ICE-Air.jpg\"><meta itemprop=\"width\" content=\"1920\"><meta itemprop=\"height\" content=\"1280\"><\/noscript><img decoding=\"async\" src=\"data:image\/gif;base64,R0lGODlhAQABAIAAAAAAAP\/\/\/yH5BAEAAAAALAAAAAABAAEAAAIBRAA7\" data-sizes=\"auto\" data-srcset=\"https:\/\/rhizomecenter.org\/wp-content\/uploads\/2020\/01\/ICE-Air-300x200.jpg 300w, https:\/\/rhizomecenter.org\/wp-content\/uploads\/2020\/01\/ICE-Air-1024x683.jpg 1024w, https:\/\/rhizomecenter.org\/wp-content\/uploads\/2020\/01\/ICE-Air-768x512.jpg 768w, https:\/\/rhizomecenter.org\/wp-content\/uploads\/2020\/01\/ICE-Air-1536x1024.jpg 1536w, https:\/\/rhizomecenter.org\/wp-content\/uploads\/2020\/01\/ICE-Air-600x400.jpg 600w, https:\/\/rhizomecenter.org\/wp-content\/uploads\/2020\/01\/ICE-Air-1200x800.jpg 1200w, https:\/\/rhizomecenter.org\/wp-content\/uploads\/2020\/01\/ICE-Air.jpg 1920w\"   alt=\"ICE Air\" data-maxdpr=\"1.7\" class=\"lazyload\" \/>\t\t\t\t\t<\/div>\n\t\t\t\t\t\t\t<\/div>\n\t\t\n\t<div class=\"fw-imagebox-aside\" style=\"\">\n\t\t\n\t\t\n\t\t\t<\/div>\n\t<\/div>\n\t\t<\/div>\n\t<\/div>\n<\/div><\/div>\n\n<div class=\"fw-row\">\n\t<div id=\"column-69f15e3073ec4\" class=\"fw-col-sm-12 tf-sh-307f81afa9fcb760e24194b125f26da8\" >\n\t<div class=\"fw-wrap-col-inner clearfix\"   >\n\t\t\t\t<div class=\"fw-col-inner\">\n\t\t\t<div class=\"fw-divider-space  fw-custom-space  clearfix\" style=\"height:40px;\" ><\/div>\t\t<\/div>\n\t<\/div>\n<\/div><\/div>\n\n<div class=\"fw-row\">\n\t<div id=\"column-69f15e3073f2e\" class=\"fw-col-sm-12 tf-sh-307f81afa9fcb760e24194b125f26da8\" >\n\t<div class=\"fw-wrap-col-inner clearfix\"   >\n\t\t\t\t<div class=\"fw-col-inner\">\n\t\t\t<div class=\"fw-text-box tf-sh-2ad8269419b30f2d97ad43b9c3c8242c\" >\n\t<div class=\"fw-text-inner\">\n\t\t<p>En M\u00e9xico, nos percatamos de que cada vez m\u00e1s ciudadanos estadounidenses se ven obligados a dejar EE.UU. para mantener a sus familias unidas. Al reinventar su vida en M\u00e9xico, se enfrentan a una nueva serie de desaf\u00edos. El Centro Rizoma del Migrante apoya a los conyugues e <a href=\"https:\/\/rhizomecenter.org\/es\/american-children-in-mexico-young-lives-divided-by-the-border\/\"><span style=\"color: #0000ff;\">hijos estadounidenses de migrantes deportados<\/span><\/a> para que tomen el control de su futuro mediante asesor\u00edas que los ayuden a entender y obtener los permisos legales necesarios para que puedan permanecer como una familia unida en M\u00e9xico de manera indefinida.<\/p>\n\t<\/div>\n<\/div>\t\t<\/div>\n\t<\/div>\n<\/div><\/div>\n\n<div class=\"fw-row\">\n\t<div id=\"column-69f15e3073fb9\" class=\"fw-col-sm-12 tf-sh-307f81afa9fcb760e24194b125f26da8\" >\n\t<div class=\"fw-wrap-col-inner clearfix\"   >\n\t\t\t\t<div class=\"fw-col-inner\">\n\t\t\t<div class=\"fw-divider-space  fw-custom-space  clearfix\" style=\"height:50px;\" ><\/div>\t\t<\/div>\n\t<\/div>\n<\/div><\/div>\n\n<div class=\"fw-row\">\n\t<div id=\"column-69f15e3074060\" class=\"fw-col-sm-12 tf-sh-307f81afa9fcb760e24194b125f26da8\" >\n\t<div class=\"fw-wrap-col-inner clearfix\"   >\n\t\t\t\t<div class=\"fw-col-inner\">\n\t\t\t<div class=\"text-center\">\t<a href=\"https:\/\/rhizomecenter.org\/es\/donate\/\" target=\"_self\" class=\"fw-btn tf-sh-7e3e3dba4d7c287d5371ea40907525ad     fw-animated-element fw-btn-1\"  data-animation-type=\"fadeInUp\" data-animation-delay=\"300\" style=\"width:430px; height:75px; line-height:75px;\">\n\t\t<span style=\"top:0;\">\n\t\t\tApoye nuestra labor.\t\t<\/span>\n\t<\/a>\n<\/div>\t\t<\/div>\n\t<\/div>\n<\/div><\/div>\n\n<div class=\"fw-row\">\n\t<div id=\"column-69f15e30749c0\" class=\"fw-col-sm-12 tf-sh-307f81afa9fcb760e24194b125f26da8\" >\n\t<div class=\"fw-wrap-col-inner clearfix\"   >\n\t\t\t\t<div class=\"fw-col-inner\">\n\t\t\t<div class=\"fw-divider-space  fw-custom-space  clearfix\" style=\"height:100px;\" ><\/div>\t\t<\/div>\n\t<\/div>\n<\/div><\/div>\n\n\t<\/div>\n\t<\/section>","protected":false},"excerpt":{"rendered":"<p>LEGAL AID AND ADVOCACY In Central Western Mexico, Jalisco remains one of the leading Mexican states most impacted by deportation. Yet no government entity takes responsibility for assisting deported migrants to resolve binational matters that implicate significant rights and claims of Jaliscienses removed from the United States. In response to their needs, The Rhizome Center [&hellip;]<\/p>","protected":false},"author":2,"featured_media":0,"parent":0,"menu_order":0,"comment_status":"closed","ping_status":"closed","template":"visual-builder-template.php","meta":{"give_campaign_id":0,"footnotes":""},"class_list":["post-2382","page","type-page","status-publish","hentry"],"campaignId":"","jetpack_sharing_enabled":true,"_links":{"self":[{"href":"https:\/\/rhizomecenter.org\/es\/wp-json\/wp\/v2\/pages\/2382","targetHints":{"allow":["GET"]}}],"collection":[{"href":"https:\/\/rhizomecenter.org\/es\/wp-json\/wp\/v2\/pages"}],"about":[{"href":"https:\/\/rhizomecenter.org\/es\/wp-json\/wp\/v2\/types\/page"}],"author":[{"embeddable":true,"href":"https:\/\/rhizomecenter.org\/es\/wp-json\/wp\/v2\/users\/2"}],"replies":[{"embeddable":true,"href":"https:\/\/rhizomecenter.org\/es\/wp-json\/wp\/v2\/comments?post=2382"}],"version-history":[{"count":0,"href":"https:\/\/rhizomecenter.org\/es\/wp-json\/wp\/v2\/pages\/2382\/revisions"}],"wp:attachment":[{"href":"https:\/\/rhizomecenter.org\/es\/wp-json\/wp\/v2\/media?parent=2382"}],"curies":[{"name":"wp","href":"https:\/\/api.w.org\/{rel}","templated":true}]}}