{"id":19,"date":"2016-01-28T13:39:29","date_gmt":"2016-01-28T13:39:29","guid":{"rendered":"https:\/\/rhizomecenter.org\/?page_id=19"},"modified":"2022-09-02T18:13:29","modified_gmt":"2022-09-02T23:13:29","slug":"mexico-project","status":"publish","type":"page","link":"https:\/\/rhizomecenter.org\/es\/mexico-project\/","title":{"rendered":"Proyecto M\u00e9xico"},"content":{"rendered":"<section   class=\"fw-main-row-custom fw-main-row-top fw-section-no-padding  auto  fw-section-position-back tf-sh-7f0e8ecc53a5ba272094d70c5c05902b\"    >\n\t\t\t<div class=\"fw-container\" >\n\t\t<div class=\"fw-row\">\n\t<div id=\"column-69f1723973a42\" class=\"fw-col-sm-12 tf-sh-59385fde907de6a562006b9a40c7cf5e\" >\n\t<div class=\"fw-wrap-col-inner clearfix\"   >\n\t\t\t\t<div class=\"fw-col-inner\">\n\t\t\t<div class=\"fw-divider-space  fw-custom-space  clearfix\" style=\"height:100px;\" ><\/div>\t\t<\/div>\n\t<\/div>\n<\/div><\/div>\n\n<div class=\"fw-row\">\n\t<div id=\"column-69f1723973b3b\" class=\"fw-col-sm-8 tf-sh-cd981a19a5cb59eb6da3b5ba2269b163  fw-col-no-padding\" >\n\t<div class=\"fw-wrap-col-inner clearfix\"   >\n\t\t\t\t<div class=\"fw-col-inner\">\n\t\t\t<div class=\"fw-heading fw-heading-left  tf-sh-c81d7edeb2cd77f9ab924d7e69751a67\" >\n\t\t\t<h1 class=\"fw-special-title\"><span style=\"font-weight:900;\">PROYECTO<\/span> M\u00c9XICO<\/h1>\n\t\n\t\n\t<\/div><div class=\"fw-divider-space  fw-custom-space  clearfix\" style=\"height:50px;\" ><\/div>\t\t<\/div>\n\t<\/div>\n<\/div><div id=\"column-69f1723973bff\" class=\"fw-col-sm-4 tf-sh-fea2fc208fb4cfdff7fb6ce0ce063333\" >\n\t<div class=\"fw-wrap-col-inner clearfix\"   >\n\t\t\t\t<div class=\"fw-col-inner\">\n\t\t\t<div class=\"fw-divider-space  fw-custom-space  clearfix\" style=\"height:10px;\" ><\/div><div class=\"fw-text-box tf-sh-b1de8c91bbfbf8f08b836f5117ec8cb7\" >\n\t<div class=\"fw-text-inner\">\n\t\t<p><div class=\"ss-inline-share-wrapper\"><div class=\"ss-inline-share-content\"><\/div><\/div><\/p>\n\t<\/div>\n<\/div>\t\t<\/div>\n\t<\/div>\n<\/div><\/div>\n\n<div class=\"fw-row\">\n\t<div id=\"column-69f1723973ec4\" class=\"fw-col-sm-8 fw-col-md-3 tf-sh-38ec37bd6b220b9e0d8cea21329ff250  fw-col-no-padding\" >\n\t<div class=\"fw-wrap-col-inner clearfix   fw-column-height-custom\" style=\"height: 326px;\"  >\n\t\t\t\t<div class=\"fw-col-inner\">\n\t\t\t<div class=\"fw-divider-space  fw-custom-space  clearfix\" style=\"height:10px;\" ><\/div><div class=\"fw-heading fw-heading-center  tf-sh-df73b7e19f8c0d4433b5ae63d09f06ca\" >\n\t\t\t<h4 class=\"fw-special-title\">RESPUESTA ANTE EL COVID-19<\/h4>\n\t\n\t\n\t<\/div>\t<div  class=\"fw-divider tf-sh-8a72ab5f2c18e2a142b507f9b59c05e5  fw-divider-align-center fw-line-solid fw-divider-line   fw_theme_border_only_color_2\"  style=\"width:96px; padding-top:0px; margin-bottom:15px; \" ><\/div>\n<div class=\"fw-text-box tf-sh-93519c7fa4bcdd64088226257032a2fe\" >\n\t<div class=\"fw-text-inner\">\n\t\t<p style=\"text-align: center;\">A lo largo de la pandemia, apoyaremos a las comunidades deportadas mediante ayuda humanitaria e informaci\u00f3n de recursos.<\/p>\n\t<\/div>\n<\/div><div class=\"fw-divider-space  fw-custom-space  clearfix\" style=\"height:15px;\" ><\/div><div class=\"text-center\">\t<a href=\"https:\/\/docs.google.com\/document\/d\/15rpT5hVQ-oI4jWyB3WHKjQPJwH_t0eniMsbE82Ytep8\/edit?usp=sharing\" target=\"_blank\" class=\"fw-btn tf-sh-523ee99238c343ea5f65f3dfe7f02066  fw-btn-sm   fw-btn-2\"  style=\"\">\n\t\t<span >\n\t\t\tEncuentre recursos\t\t<\/span>\n\t<\/a>\n<\/div>\t\t<\/div>\n\t<\/div>\n<\/div><div id=\"column-69f172397438f\" class=\"fw-col-sm-4 fw-col-md-3 fw-mobile-hide-element tf-sh-92f29b30611e7292f1cfc9d1110b5890  fw-col-no-padding\" >\n\t<div class=\"fw-wrap-col-inner clearfix   fw-column-height-custom\" style=\"height: 326px;\"  >\n\t\t\t\t<div class=\"fw-col-inner\">\n\t\t\t\n\t\n\t\t<div class=\"fw-block-image-parent  fw-block-image-left\"  style=\"width: 260px; \">\n\t\t\t<span class=\"fw-block-image-child fw-ratio-3-4 fw-ratio-container\">\n\t\t\t\t<noscript itemscope itemtype=\"https:\/\/schema.org\/ImageObject\" itemprop=\"image\"><img data-recalc-dims=\"1\" decoding=\"async\" src=\"https:\/\/i0.wp.com\/rhizomecenter.org\/wp-content\/uploads\/2020\/10\/COVID-19.jpg?w=260&#038;ssl=1\"  alt=\"COVID-19\" data-maxdpr=\"1.7\"  class=\"lazyload\" \/><meta itemprop=\"url\" content=\"https:\/\/rhizomecenter.org\/wp-content\/uploads\/2020\/10\/COVID-19.jpg\"><meta itemprop=\"width\" content=\"854\"><meta itemprop=\"height\" content=\"855\"><\/noscript><img decoding=\"async\" src=\"data:image\/gif;base64,R0lGODlhAQABAIAAAAAAAP\/\/\/yH5BAEAAAAALAAAAAABAAEAAAIBRAA7\" data-sizes=\"auto\" data-srcset=\"https:\/\/rhizomecenter.org\/wp-content\/uploads\/2020\/10\/COVID-19-295x393.jpg 295w, https:\/\/rhizomecenter.org\/wp-content\/uploads\/2020\/10\/COVID-19-590x786.jpg 590w\"   alt=\"COVID-19\" data-maxdpr=\"1.7\" width=\"260\" class=\"lazyload\" \/>\t\t\t\t\t\t\t<\/span>\n\t\t<\/div>\n\n\t\n\t\t<\/div>\n\t<\/div>\n<\/div><div id=\"column-69f1723974a19\" class=\"fw-col-sm-8 fw-col-md-3 tf-sh-b68b54db8e2e9d097952a9a8889e22de  fw-col-no-padding\" >\n\t<div class=\"fw-wrap-col-inner clearfix   fw-column-height-custom\" style=\"height: 326px;\"  >\n\t\t\t\t<div class=\"fw-col-inner\">\n\t\t\t<div class=\"fw-divider-space  fw-custom-space  clearfix\" style=\"height:20px;\" ><\/div><div class=\"fw-heading fw-heading-center  tf-sh-7834a6648e1080ce59e76d47b0089b3b\" >\n\t\t\t<h4 class=\"fw-special-title\">ALCANCE COMUNITARIO<\/h4>\n\t\n\t\n\t<\/div>\t<div  class=\"fw-divider tf-sh-3b74bc71ebf8f23c2fe8a9b080825011  fw-divider-align-center fw-line-solid fw-divider-line   fw_theme_border_only_color_2\"  style=\"width:96px; padding-top:0px; margin-bottom:15px; \" ><\/div>\n<div class=\"fw-text-box tf-sh-0834636544770d1f4cfa471d363bb8ac\" >\n\t<div class=\"fw-text-inner\">\n\t\t<p style=\"text-align: center;\">Promovemos la comprensi\u00f3n de los derechos humanos mediante programas comunitarios, campa\u00f1as medi\u00e1ticas y alcance digital.<\/p>\n\t<\/div>\n<\/div><div class=\"fw-divider-space  fw-custom-space  clearfix\" style=\"height:20px;\" ><\/div><div class=\"text-center\">\t<a href=\"https:\/\/rhizomecenter.org\/es\/events\/\" target=\"_self\" class=\"fw-btn tf-sh-843dd7470f689518c1bf28a1996d4f9e  fw-btn-sm   fw-btn-2\"  style=\"\">\n\t\t<span >\n\t\t\tConsulte el calendario\t\t<\/span>\n\t<\/a>\n<\/div>\t\t<\/div>\n\t<\/div>\n<\/div><div id=\"column-69f1723974b4b\" class=\"fw-col-sm-4 fw-col-md-3 fw-mobile-hide-element tf-sh-0d9d29e10bfad00421294c0dcefce86c  fw-col-no-padding\" >\n\t<div class=\"fw-wrap-col-inner clearfix   fw-column-height-custom\" style=\"height: 326px;\"  >\n\t\t\t\t<div class=\"fw-col-inner\">\n\t\t\t\n\t\n\t\t<div class=\"fw-block-image-parent  fw-block-image-left\"  style=\"width: 260px; \">\n\t\t\t<span class=\"fw-block-image-child fw-ratio-3-4 fw-ratio-container\">\n\t\t\t\t<noscript itemscope itemtype=\"https:\/\/schema.org\/ImageObject\" itemprop=\"image\"><img data-recalc-dims=\"1\" decoding=\"async\" src=\"https:\/\/i0.wp.com\/rhizomecenter.org\/wp-content\/uploads\/2018\/06\/Smiling-Older-Woman.png?w=260&#038;ssl=1\"  alt=\"Smiling Older Woman\" data-maxdpr=\"1.7\"  class=\"lazyload\" \/><meta itemprop=\"url\" content=\"https:\/\/rhizomecenter.org\/wp-content\/uploads\/2018\/06\/Smiling-Older-Woman.png\"><meta itemprop=\"width\" content=\"446\"><meta itemprop=\"height\" content=\"489\"><\/noscript><img decoding=\"async\" src=\"data:image\/gif;base64,R0lGODlhAQABAIAAAAAAAP\/\/\/yH5BAEAAAAALAAAAAABAAEAAAIBRAA7\" data-sizes=\"auto\" data-srcset=\"https:\/\/rhizomecenter.org\/wp-content\/uploads\/2018\/06\/Smiling-Older-Woman-295x393.png 295w\"   alt=\"Smiling Older Woman\" data-maxdpr=\"1.7\" width=\"260\" class=\"lazyload\" \/>\t\t\t\t\t\t\t<\/span>\n\t\t<\/div>\n\n\t\n\t\t<\/div>\n\t<\/div>\n<\/div><\/div>\n\n<div class=\"fw-row\">\n\t<div id=\"column-69f1723974d40\" class=\"fw-col-sm-12 tf-sh-d93e2519f5a443c63257e300a57935a1\" >\n\t<div class=\"fw-wrap-col-inner clearfix\"   >\n\t\t\t\t<div class=\"fw-col-inner\">\n\t\t\t<div class=\"fw-divider-space  fw-custom-space  clearfix\" style=\"height:60px;\" ><\/div>\t\t<\/div>\n\t<\/div>\n<\/div><\/div>\n\n<div class=\"fw-row\">\n\t<div id=\"column-69f1723974dea\" class=\"fw-col-sm-8 fw-col-md-3 tf-sh-5bb6aca6ba401365f9d3597e91a1d6dc  fw-col-no-padding\" >\n\t<div class=\"fw-wrap-col-inner clearfix   fw-column-height-custom\" style=\"height: 326px;\"  >\n\t\t\t\t<div class=\"fw-col-inner\">\n\t\t\t<div class=\"fw-divider-space  fw-custom-space  clearfix\" style=\"height:10px;\" ><\/div><div class=\"fw-heading fw-heading-center  tf-sh-bf733b893b9558ddfbf831d97de71cee\" >\n\t\t\t<h4 class=\"fw-special-title\">ASESOR\u00cdA LEGAL Y ABOGAC\u00cdA<\/h4>\n\t\n\t\n\t<\/div>\t<div  class=\"fw-divider tf-sh-72e67780b8360f96038042330d09a93b  fw-divider-align-center fw-line-solid fw-divider-line   fw_theme_border_only_color_2\"  style=\"width:96px; padding-top:0px; margin-bottom:15px; \" ><\/div>\n<div class=\"fw-text-box tf-sh-6e63e42a842442e362200a20fabcdc3f\" >\n\t<div class=\"fw-text-inner\">\n\t\t<p style=\"text-align: center;\">Somos el \u00fanico centro legal al sur de la frontera que ofrece asesor\u00eda legal de postdeportaci\u00f3n en apoyo a migrantes deportados.<\/p>\n\t<\/div>\n<\/div><div class=\"fw-divider-space  fw-custom-space  clearfix\" style=\"height:15px;\" ><\/div><div class=\"text-center\">\t<a href=\"https:\/\/rhizomecenter.org\/es\/legal-clinic\/\" target=\"_self\" class=\"fw-btn tf-sh-6bd7a513affe3e29178c7b7d0b1a52f3  fw-btn-sm   fw-btn-2\"  style=\"\">\n\t\t<span >\n\t\t\tServicios\t\t<\/span>\n\t<\/a>\n<\/div>\t\t<\/div>\n\t<\/div>\n<\/div><div id=\"column-69f1723974f04\" class=\"fw-col-sm-4 fw-col-md-3 fw-mobile-hide-element tf-sh-62a1e20a443f9af069ebd98942f7014b  fw-col-no-padding\" >\n\t<div class=\"fw-wrap-col-inner clearfix   fw-column-height-custom\" style=\"height: 326px;\"  >\n\t\t\t\t<div class=\"fw-col-inner\">\n\t\t\t\n\t\n\t\t<div class=\"fw-block-image-parent  fw-block-image-left\"  style=\"width: 260px; \">\n\t\t\t<span class=\"fw-block-image-child fw-ratio-3-4 fw-ratio-container\">\n\t\t\t\t<noscript itemscope itemtype=\"https:\/\/schema.org\/ImageObject\" itemprop=\"image\"><img data-recalc-dims=\"1\" decoding=\"async\" src=\"https:\/\/i0.wp.com\/rhizomecenter.org\/wp-content\/uploads\/2018\/06\/Scalabrini.png?w=260&#038;ssl=1\"  alt=\"Scalabrini\" data-maxdpr=\"1.7\"  class=\"lazyload\" \/><meta itemprop=\"url\" content=\"https:\/\/rhizomecenter.org\/wp-content\/uploads\/2018\/06\/Scalabrini.png\"><meta itemprop=\"width\" content=\"1085\"><meta itemprop=\"height\" content=\"428\"><\/noscript><img decoding=\"async\" src=\"data:image\/gif;base64,R0lGODlhAQABAIAAAAAAAP\/\/\/yH5BAEAAAAALAAAAAABAAEAAAIBRAA7\" data-sizes=\"auto\" data-srcset=\"https:\/\/rhizomecenter.org\/wp-content\/uploads\/2018\/06\/Scalabrini-295x393.png 295w\"   alt=\"Scalabrini\" data-maxdpr=\"1.7\" width=\"260\" class=\"lazyload\" \/>\t\t\t\t\t\t\t<\/span>\n\t\t<\/div>\n\n\t\n\t\t<\/div>\n\t<\/div>\n<\/div><div id=\"column-69f172397508e\" class=\"fw-col-sm-8 fw-col-md-3 tf-sh-2c947d162a12e3bf6dde74fe248c4cfe  fw-col-no-padding\" >\n\t<div class=\"fw-wrap-col-inner clearfix   fw-column-height-custom\" style=\"height: 326px;\"  >\n\t\t\t\t<div class=\"fw-col-inner\">\n\t\t\t<div class=\"fw-divider-space  fw-custom-space  clearfix\" style=\"height:10px;\" ><\/div><div class=\"fw-heading fw-heading-center  tf-sh-87dc6dbca322f868948dce2c02662dc7\" >\n\t\t\t<h4 class=\"fw-special-title\">PROGRAMAS EDUCATIVOS<\/h4>\n\t\n\t\n\t<\/div>\t<div  class=\"fw-divider tf-sh-053c6afad54ce464ef6a71cea08b426b  fw-divider-align-center fw-line-solid fw-divider-line   fw_theme_border_only_color_2\"  style=\"width:96px; padding-top:0px; margin-bottom:15px; \" ><\/div>\n<div class=\"fw-text-box tf-sh-0f40efae0dc5aa6354ee3c6e1232cea0\" >\n\t<div class=\"fw-text-inner\">\n\t\t<p style=\"text-align: center;\">Nuestros reveladores programas educativos buscan dar a conocer las pol\u00edticas fronterizas entre M\u00e9xico y Estados Unidos, as\u00ed como las pol\u00edticas de inmigraci\u00f3n y su impacto.<\/p>\n\t<\/div>\n<\/div><div class=\"fw-divider-space  fw-custom-space  clearfix\" style=\"height:15px;\" ><\/div><div class=\"text-center\">\t<a href=\"https:\/\/rhizomecenter.org\/es\/educational-programs\/\" target=\"_self\" class=\"fw-btn tf-sh-9411300f50819a27226689ad98bab86f  fw-btn-sm   fw-btn-2\"  style=\"\">\n\t\t<span >\n\t\t\tAprenda m\u00e1s\t\t<\/span>\n\t<\/a>\n<\/div>\t\t<\/div>\n\t<\/div>\n<\/div><div id=\"column-69f17239751ac\" class=\"fw-col-sm-4 fw-col-md-3 fw-mobile-hide-element tf-sh-07002b4ac883c0083bf0666ca9ca8440  fw-col-no-padding\" >\n\t<div class=\"fw-wrap-col-inner clearfix   fw-column-height-custom\" style=\"height: 326px;\"  >\n\t\t\t\t<div class=\"fw-col-inner\">\n\t\t\t\n\t\n\t\t<div class=\"fw-block-image-parent  fw-block-image-left\"  style=\"width: 260px; \">\n\t\t\t<span class=\"fw-block-image-child fw-ratio-3-4 fw-ratio-container\">\n\t\t\t\t<noscript itemscope itemtype=\"https:\/\/schema.org\/ImageObject\" itemprop=\"image\"><img data-recalc-dims=\"1\" decoding=\"async\" src=\"https:\/\/i0.wp.com\/rhizomecenter.org\/wp-content\/uploads\/2018\/11\/Bravery.jpg?w=260&#038;ssl=1\"  alt=\"Bravery\" data-maxdpr=\"1.7\"  class=\"lazyload\" \/><meta itemprop=\"url\" content=\"https:\/\/rhizomecenter.org\/wp-content\/uploads\/2018\/11\/Bravery.jpg\"><meta itemprop=\"width\" content=\"900\"><meta itemprop=\"height\" content=\"506\"><\/noscript><img decoding=\"async\" src=\"data:image\/gif;base64,R0lGODlhAQABAIAAAAAAAP\/\/\/yH5BAEAAAAALAAAAAABAAEAAAIBRAA7\" data-sizes=\"auto\" data-srcset=\"https:\/\/rhizomecenter.org\/wp-content\/uploads\/2018\/11\/Bravery-295x393.jpg 295w\"   alt=\"Bravery\" data-maxdpr=\"1.7\" width=\"260\" class=\"lazyload\" \/>\t\t\t\t\t\t\t<\/span>\n\t\t<\/div>\n\n\t\n\t\t<\/div>\n\t<\/div>\n<\/div><\/div>\n\n<div class=\"fw-row\">\n\t<div id=\"column-69f1723975335\" class=\"fw-col-sm-12 tf-sh-c2a8bf4447dde112964a2f15b4cf6276\" >\n\t<div class=\"fw-wrap-col-inner clearfix\"   >\n\t\t\t\t<div class=\"fw-col-inner\">\n\t\t\t<div class=\"fw-divider-space  fw-custom-space  clearfix\" style=\"height:60px;\" ><\/div>\t\t<\/div>\n\t<\/div>\n<\/div><\/div>\n\n<div class=\"fw-row\">\n\t<div id=\"column-69f17239753d8\" class=\"fw-col-sm-8 fw-col-md-3 tf-sh-efff8f91b419fdd799faa0a3dd1210f2  fw-col-no-padding\" >\n\t<div class=\"fw-wrap-col-inner clearfix   fw-column-height-custom\" style=\"height: 326px;\"  >\n\t\t\t\t<div class=\"fw-col-inner\">\n\t\t\t<div class=\"fw-divider-space space-sm  clearfix\"  ><\/div><div class=\"fw-heading fw-heading-center  tf-sh-b4fbf62932fe7a6f594b486fe714ce11\" >\n\t\t\t<h4 class=\"fw-special-title\">DESARROLLO DE APTITUDES SIN FINES DE LUCRO<\/h4>\n\t\n\t\n\t<\/div>\t<div  class=\"fw-divider tf-sh-0f04dbda11cf5d84888d480f2708820f  fw-divider-align-center fw-line-solid fw-divider-line   fw_theme_border_only_color_2\"  style=\"width:96px; padding-top:0px; margin-bottom:15px; \" ><\/div>\n<div class=\"fw-text-box tf-sh-513689011ed31985ac8e3ab984624146\" >\n\t<div class=\"fw-text-inner\">\n\t\t<p style=\"text-align: center;\">Apoyamos organizaciones sin fines de lucro locales que atienden deportados con intercambio de recursos, conocimiento y experiencia.<\/p>\n\t<\/div>\n<\/div><div class=\"fw-divider-space  fw-custom-space  clearfix\" style=\"height:15px;\" ><\/div>\t\t<\/div>\n\t<\/div>\n<\/div><div id=\"column-69f17239754f4\" class=\"fw-col-sm-4 fw-col-md-3 fw-mobile-hide-element tf-sh-dfa033da1c877c982c4c5827f54a9c73  fw-col-no-padding\" >\n\t<div class=\"fw-wrap-col-inner clearfix   fw-column-height-custom\" style=\"height: 326px;\"  >\n\t\t\t\t<div class=\"fw-col-inner\">\n\t\t\t\n\t\n\t\t<div class=\"fw-block-image-parent  fw-block-image-left\"  style=\"width: 260px; \">\n\t\t\t<span class=\"fw-block-image-child fw-ratio-3-4 fw-ratio-container\">\n\t\t\t\t<noscript itemscope itemtype=\"https:\/\/schema.org\/ImageObject\" itemprop=\"image\"><img data-recalc-dims=\"1\" decoding=\"async\" src=\"https:\/\/i0.wp.com\/rhizomecenter.org\/wp-content\/uploads\/2018\/09\/Eureka.jpg?w=260&#038;ssl=1\"  alt=\"Eureka\" data-maxdpr=\"1.7\"  class=\"lazyload\" \/><meta itemprop=\"url\" content=\"https:\/\/rhizomecenter.org\/wp-content\/uploads\/2018\/09\/Eureka.jpg\"><meta itemprop=\"width\" content=\"1663\"><meta itemprop=\"height\" content=\"1977\"><\/noscript><img decoding=\"async\" src=\"data:image\/gif;base64,R0lGODlhAQABAIAAAAAAAP\/\/\/yH5BAEAAAAALAAAAAABAAEAAAIBRAA7\" data-sizes=\"auto\" data-srcset=\"https:\/\/rhizomecenter.org\/wp-content\/uploads\/2018\/09\/Eureka-295x393.jpg 295w, https:\/\/rhizomecenter.org\/wp-content\/uploads\/2018\/09\/Eureka-590x786.jpg 590w\"   alt=\"Eureka\" data-maxdpr=\"1.7\" width=\"260\" class=\"lazyload\" \/>\t\t\t\t\t\t\t<\/span>\n\t\t<\/div>\n\n\t\n\t\t<\/div>\n\t<\/div>\n<\/div><div id=\"column-69f1723975670\" class=\"fw-col-sm-8 fw-col-md-3 tf-sh-2571236948c26e8376ec46a645947814  fw-col-no-padding\" >\n\t<div class=\"fw-wrap-col-inner clearfix   fw-column-height-custom\" style=\"height: 326px;\"  >\n\t\t\t\t<div class=\"fw-col-inner\">\n\t\t\t<div class=\"fw-divider-space space-sm  clearfix\"  ><\/div><div class=\"fw-heading fw-heading-center  tf-sh-c236ac1ee25f44bad3a4332403877601\" >\n\t\t\t<h4 class=\"fw-special-title\">REPORTES ESPECIALES<\/h4>\n\t\n\t\n\t<\/div>\t<div  class=\"fw-divider tf-sh-795abfae7e6bf5165be7d5ac348cf203  fw-divider-align-center fw-line-solid fw-divider-line   fw_theme_border_only_color_2\"  style=\"width:96px; padding-top:0px; margin-bottom:15px; \" ><\/div>\n<div class=\"fw-text-box tf-sh-627bdd41dbeff23fe8253c080fc36ff0\" >\n\t<div class=\"fw-text-inner\">\n\t\t<p style=\"text-align: center;\">Nuestros reportes pol\u00edticos y en sitio cubren problemas pertinentes transnacionales que afectan a la comunidad deportada y a sus familias.<\/p>\n\t<\/div>\n<\/div><div class=\"fw-divider-space  fw-custom-space  clearfix\" style=\"height:15px;\" ><\/div><div class=\"text-center\">\t<a href=\"https:\/\/rhizomecenter.org\/es\/about\/special-reports\/\" target=\"_self\" class=\"fw-btn tf-sh-41c89ddcbed5660a069fbb4af62873fb  fw-btn-sm   fw-btn-2\"  style=\"\">\n\t\t<span >\n\t\t\tConsulte los reportes\t\t<\/span>\n\t<\/a>\n<\/div>\t\t<\/div>\n\t<\/div>\n<\/div><div id=\"column-69f1723975788\" class=\"fw-col-sm-4 fw-col-md-3 fw-mobile-hide-element tf-sh-ca8fea2f17724408f20ff8c0dded97ef  fw-col-no-padding\" >\n\t<div class=\"fw-wrap-col-inner clearfix   fw-column-height-custom\" style=\"height: 326px;\"  >\n\t\t\t\t<div class=\"fw-col-inner\">\n\t\t\t\n\t\n\t\t<div class=\"fw-block-image-parent  fw-block-image-left\"  style=\"width: 260px; \">\n\t\t\t<span class=\"fw-block-image-child fw-ratio-3-4 fw-ratio-container\">\n\t\t\t\t<noscript itemscope itemtype=\"https:\/\/schema.org\/ImageObject\" itemprop=\"image\"><img data-recalc-dims=\"1\" decoding=\"async\" src=\"https:\/\/i0.wp.com\/rhizomecenter.org\/wp-content\/uploads\/2019\/04\/Senor-Juan.jpg?w=260&#038;ssl=1\"  alt=\"Senor Juan\" data-maxdpr=\"1.7\"  class=\"lazyload\" \/><meta itemprop=\"url\" content=\"https:\/\/rhizomecenter.org\/wp-content\/uploads\/2019\/04\/Senor-Juan.jpg\"><meta itemprop=\"width\" content=\"2048\"><meta itemprop=\"height\" content=\"1152\"><\/noscript><img decoding=\"async\" src=\"data:image\/gif;base64,R0lGODlhAQABAIAAAAAAAP\/\/\/yH5BAEAAAAALAAAAAABAAEAAAIBRAA7\" data-sizes=\"auto\" data-srcset=\"https:\/\/rhizomecenter.org\/wp-content\/uploads\/2019\/04\/Senor-Juan-295x393.jpg 295w, https:\/\/rhizomecenter.org\/wp-content\/uploads\/2019\/04\/Senor-Juan-590x786.jpg 590w\"   alt=\"Senor Juan\" data-maxdpr=\"1.7\" width=\"260\" class=\"lazyload\" \/>\t\t\t\t\t\t\t<\/span>\n\t\t<\/div>\n\n\t\n\t\t<\/div>\n\t<\/div>\n<\/div><\/div>\n\n<div class=\"fw-row\">\n\t<div id=\"column-69f17239759ae\" class=\"fw-col-sm-12 tf-sh-42c7cdc725a34d05717e6c3882274353\" >\n\t<div class=\"fw-wrap-col-inner clearfix\"   >\n\t\t\t\t<div class=\"fw-col-inner\">\n\t\t\t<div class=\"fw-divider-space  fw-custom-space  clearfix\" style=\"height:125px;\" ><\/div>\t\t<\/div>\n\t<\/div>\n<\/div><\/div>\n\n\t<\/div>\n\t<\/section>","protected":false},"excerpt":{"rendered":"<p>MEXICO PROJECT COVID-19 RESPONSE Throughout the pandemic, we are serving deported communities through humanitarian aid and resource information. Find Resources COMMUNITY OUTREACH We foster understanding of human rights through community programs, media campaigns, and digital outreach. Search Calendar LEGAL SUPPORT AND ADVOCACY We are the only legal center south of the border focused on post-deportation [&hellip;]<\/p>","protected":false},"author":2,"featured_media":0,"parent":0,"menu_order":0,"comment_status":"closed","ping_status":"closed","template":"visual-builder-template.php","meta":{"give_campaign_id":0,"footnotes":""},"class_list":["post-19","page","type-page","status-publish","hentry"],"campaignId":"","jetpack_sharing_enabled":true,"_links":{"self":[{"href":"https:\/\/rhizomecenter.org\/es\/wp-json\/wp\/v2\/pages\/19","targetHints":{"allow":["GET"]}}],"collection":[{"href":"https:\/\/rhizomecenter.org\/es\/wp-json\/wp\/v2\/pages"}],"about":[{"href":"https:\/\/rhizomecenter.org\/es\/wp-json\/wp\/v2\/types\/page"}],"author":[{"embeddable":true,"href":"https:\/\/rhizomecenter.org\/es\/wp-json\/wp\/v2\/users\/2"}],"replies":[{"embeddable":true,"href":"https:\/\/rhizomecenter.org\/es\/wp-json\/wp\/v2\/comments?post=19"}],"version-history":[{"count":0,"href":"https:\/\/rhizomecenter.org\/es\/wp-json\/wp\/v2\/pages\/19\/revisions"}],"wp:attachment":[{"href":"https:\/\/rhizomecenter.org\/es\/wp-json\/wp\/v2\/media?parent=19"}],"curies":[{"name":"wp","href":"https:\/\/api.w.org\/{rel}","templated":true}]}}