{"id":17,"date":"2016-01-28T13:22:58","date_gmt":"2016-01-28T19:22:58","guid":{"rendered":"https:\/\/rhizomecenter.org\/?page_id=17"},"modified":"2022-09-02T18:14:33","modified_gmt":"2022-09-02T23:14:33","slug":"get-involved","status":"publish","type":"page","link":"https:\/\/rhizomecenter.org\/es\/get-involved\/","title":{"rendered":"Reg\u00edstrese"},"content":{"rendered":"<p><section   class=\"fw-main-row-custom fw-main-row-top fw-section-no-padding  auto  fw-section-position-back tf-sh-13789d0aa95b5a6ef82611fba836fc12\"    >\n\t\t\t<div class=\"fw-container\" >\n\t\t<div class=\"fw-row\">\n\t<div id=\"column-69f1ba0f4500d\" class=\"fw-col-sm-12 tf-sh-f928e9d1638b3c7d584c12eea5aa2fc6\" >\n\t<div class=\"fw-wrap-col-inner clearfix\"   >\n\t\t\t\t<div class=\"fw-col-inner\">\n\t\t\t<div class=\"fw-divider-space  fw-custom-space  clearfix\" style=\"height:100px;\" ><\/div>\t\t<\/div>\n\t<\/div>\n<\/div><\/div>\n\n<div class=\"fw-row\">\n\t<div id=\"column-69f1ba0f4598a\" class=\"fw-col-sm-8 tf-sh-4e6b9fc1cfc490ffccb6c88421d1f519\" >\n\t<div class=\"fw-wrap-col-inner clearfix\"   >\n\t\t\t\t<div class=\"fw-col-inner\">\n\t\t\t<div class=\"fw-heading fw-heading-left  tf-sh-7c944ccdb9b02eafed72c9b2c3d92176\" >\n\t\t\t<h1 class=\"fw-special-title\">PARTICIPE <span style=\"font-weight:900;\">CON NOSOTROS<\/span><\/h1>\n\t\n\t\n\t<\/div><div class=\"fw-divider-space  fw-custom-space  clearfix\" style=\"height:50px;\" ><\/div>\t\t<\/div>\n\t<\/div>\n<\/div><div id=\"column-69f1ba0f4639a\" class=\"fw-col-sm-4 tf-sh-9fc2b17fe5e836a43e4b18086a44f43b\" >\n\t<div class=\"fw-wrap-col-inner clearfix\"   >\n\t\t\t\t<div class=\"fw-col-inner\">\n\t\t\t<div class=\"fw-divider-space  fw-custom-space  clearfix\" style=\"height:10px;\" ><\/div><div class=\"fw-text-box tf-sh-366f8f22ef56e810ad7fd4f282e30ce5\" >\n\t<div class=\"fw-text-inner\">\n\t\t<p><div class=\"ss-inline-share-wrapper\"><div class=\"ss-inline-share-content\"><\/div><\/div><\/p>\n\t<\/div>\n<\/div>\t\t<\/div>\n\t<\/div>\n<\/div><\/div>\n\n\t<\/div>\n\t<\/section><section   class=\"fw-main-row-custom fw-section-no-padding  auto  fw-section-position-back tf-sh-c9ec2d0fda86a29b2ffedc216f7c2655\"    >\n\t\t\t<div class=\"fw-container\" >\n\t\t<div class=\"fw-row\">\n\t<div id=\"column-69f1ba0f467ed\" class=\"fw-col-sm-8 tf-sh-df59ac21f69579a6320da70d9ec17abd\" >\n\t<div class=\"fw-wrap-col-inner clearfix\"   >\n\t\t\t\t<div class=\"fw-col-inner\">\n\t\t\t\n\t\n\t\t<div class=\"fw-block-image-parent\"  style=\"width: 100%; \">\n\t\t\t<span class=\"fw-block-image-child fw-ratio-2-1 fw-ratio-container\">\n\t\t\t\t<noscript itemscope itemtype=\"https:\/\/schema.org\/ImageObject\" itemprop=\"image\"><img data-recalc-dims=\"1\" decoding=\"async\" src=\"https:\/\/i0.wp.com\/rhizomecenter.org\/wp-content\/uploads\/2019\/08\/DSC_80541.jpg?ssl=1\"  alt=\"Community Activities\" data-maxdpr=\"1.7\" class=\"lazyload\" \/><meta itemprop=\"url\" content=\"https:\/\/rhizomecenter.org\/wp-content\/uploads\/2019\/08\/DSC_80541.jpg\"><meta itemprop=\"width\" content=\"1920\"><meta itemprop=\"height\" content=\"1073\"><\/noscript><img decoding=\"async\" src=\"data:image\/gif;base64,R0lGODlhAQABAIAAAAAAAP\/\/\/yH5BAEAAAAALAAAAAABAAEAAAIBRAA7\" data-sizes=\"auto\" data-srcset=\"https:\/\/rhizomecenter.org\/wp-content\/uploads\/2019\/08\/DSC_80541-600x300.jpg 600w, https:\/\/rhizomecenter.org\/wp-content\/uploads\/2019\/08\/DSC_80541-1200x600.jpg 1200w\"   alt=\"Community Activities\" data-maxdpr=\"1.7\" class=\"lazyload\" \/>\t\t\t\t\t\t\t<\/span>\n\t\t<\/div>\n\n\t\n<div class=\"fw-divider-space  fw-custom-space  clearfix\" style=\"height:20px;\" ><\/div><div class=\"fw-heading fw-heading-left  tf-sh-efe80411296e992d908b6dfbf98e16ae\" >\n\t\t\t<h2 class=\"fw-special-title\">DONACIONES<\/h2>\n\t\n\t\n\t<\/div><div class=\"fw-text-box tf-sh-b4bc5811ff5ea2ad81f395dc137ee75a\" >\n\t<div class=\"fw-text-inner\">\n\t\t<p><span style=\"font-weight: 400;\">Este a\u00f1o, se deportaron en promedio 15,000 mexicanos cada mes. M\u00e9xico fue y es el pa\u00eds m\u00e1s afectado por la repatriaci\u00f3n. Nuestro equipo se compromete a proveer apoyo legal, humanitario y de desarrollo de aptitudes para la comunidad deportada. <span style=\"color: #0000ff;\"><a style=\"color: #0000ff;\" href=\"https:\/\/greatnonprofits.org\/org\/the-rhizome-center-for-migrants\" target=\"_blank\" rel=\"noopener\">Aprenda m\u00e1s<\/a><\/span> acerca del trabajo que realizan nuestros clientes, voluntarios, donadores y l\u00edderes locales.\u00a0<\/span><\/p>\n\t<\/div>\n<\/div><div class=\"fw-divider-space  fw-custom-space  clearfix\" style=\"height:30px;\" ><\/div><div class=\"text-left\">\t<a href=\"\/es\/www.rhizomecenter.org\/donate\/\" target=\"_self\" class=\"fw-btn tf-sh-f3868c78f9cf1b54fbdb98546c56b564  fw-btn-sm   fw-btn-1\"  style=\"\">\n\t\t<span >\n\t\t\tDone ahora\t\t<\/span>\n\t<\/a>\n<\/div><div class=\"fw-divider-space  fw-custom-space  clearfix\" style=\"height:50px;\" ><\/div>\n\t\n\t\t<div class=\"fw-block-image-parent\"  style=\"width: 100%; \">\n\t\t\t<span class=\"fw-block-image-child fw-ratio-2-1 fw-ratio-container\">\n\t\t\t\t<noscript itemscope itemtype=\"https:\/\/schema.org\/ImageObject\" itemprop=\"image\"><img data-recalc-dims=\"1\" decoding=\"async\" src=\"https:\/\/i0.wp.com\/rhizomecenter.org\/wp-content\/uploads\/2019\/08\/GDL-historic-center.jpg?ssl=1\"  alt=\"GDL Historic Center\" data-maxdpr=\"1.7\" class=\"lazyload\" \/><meta itemprop=\"url\" content=\"https:\/\/rhizomecenter.org\/wp-content\/uploads\/2019\/08\/GDL-historic-center.jpg\"><meta itemprop=\"width\" content=\"1200\"><meta itemprop=\"height\" content=\"628\"><\/noscript><img decoding=\"async\" src=\"data:image\/gif;base64,R0lGODlhAQABAIAAAAAAAP\/\/\/yH5BAEAAAAALAAAAAABAAEAAAIBRAA7\" data-sizes=\"auto\" data-srcset=\"https:\/\/rhizomecenter.org\/wp-content\/uploads\/2019\/08\/GDL-historic-center-600x300.jpg 600w, https:\/\/rhizomecenter.org\/wp-content\/uploads\/2019\/08\/GDL-historic-center-1200x600.jpg 1200w\"   alt=\"GDL Historic Center\" data-maxdpr=\"1.7\" class=\"lazyload\" \/>\t\t\t\t\t\t\t<\/span>\n\t\t<\/div>\n\n\t\n<div class=\"fw-divider-space  fw-custom-space  clearfix\" style=\"height:20px;\" ><\/div><div class=\"fw-heading fw-heading-left  tf-sh-ce396042bd519e5ee13b718c3f0237d7\" >\n\t\t\t<h2 class=\"fw-special-title\">T\u00d3MESE UN SAB\u00c1TICO<\/h2>\n\t\n\t\n\t<\/div><div class=\"fw-text-box tf-sh-9363943a9a945a7cf56c09443cd5f4d8\" >\n\t<div class=\"fw-text-inner\">\n\t\t<p><span style=\"font-weight: 400;\">Nuestra cl\u00ednica legal requiere de abogados migratorios y de derecho familiar y penal experimentados. Si su despacho u organizaci\u00f3n ofrece programas sab\u00e1ticos, o bien si cuenta con sus propios recursos y desea participar en una experiencia gratificante como <span style=\"color: #0000ff;\"><a style=\"color: #0000ff;\" href=\"https:\/\/rhizomecenter.org\/es\/attorney-on-sabbatical\/\">voluntario de nuestra cl\u00ednica legal<\/a><\/span> cont\u00e1ctenos mediante connect@rhizomecenter.org. Solicitamos un compromiso de al menos 6 meses y es posible que podamos brindar un modesto estipendio.<\/span><\/p>\n\t<\/div>\n<\/div><div class=\"fw-divider-space  fw-custom-space  clearfix\" style=\"height:30px;\" ><\/div><div class=\"text-left\">\t<a href=\"https:\/\/rhizomecenter.org\/es\/attorney-on-sabbatical\/\" target=\"_self\" class=\"fw-btn tf-sh-d9c2253a7645c95f07792c61cd5f1f8d  fw-btn-sm   fw-btn-1\"  style=\"\">\n\t\t<span >\n\t\t\tAprenda m\u00e1s\t\t<\/span>\n\t<\/a>\n<\/div><div class=\"fw-divider-space  fw-custom-space  clearfix\" style=\"height:50px;\" ><\/div>\n\t\n\t\t<div class=\"fw-block-image-parent\"  style=\"width: 100%; \">\n\t\t\t<span class=\"fw-block-image-child fw-ratio-2-1 fw-ratio-container\">\n\t\t\t\t<noscript itemscope itemtype=\"https:\/\/schema.org\/ImageObject\" itemprop=\"image\"><img data-recalc-dims=\"1\" decoding=\"async\" src=\"https:\/\/i0.wp.com\/rhizomecenter.org\/wp-content\/uploads\/2019\/08\/DSC_6711.jpg?ssl=1\"  alt=\"Volunteer Team\" data-maxdpr=\"1.7\" class=\"lazyload\" \/><meta itemprop=\"url\" content=\"https:\/\/rhizomecenter.org\/wp-content\/uploads\/2019\/08\/DSC_6711.jpg\"><meta itemprop=\"width\" content=\"1920\"><meta itemprop=\"height\" content=\"1080\"><\/noscript><img decoding=\"async\" src=\"data:image\/gif;base64,R0lGODlhAQABAIAAAAAAAP\/\/\/yH5BAEAAAAALAAAAAABAAEAAAIBRAA7\" data-sizes=\"auto\" data-srcset=\"https:\/\/rhizomecenter.org\/wp-content\/uploads\/2019\/08\/DSC_6711-600x300.jpg 600w, https:\/\/rhizomecenter.org\/wp-content\/uploads\/2019\/08\/DSC_6711-1200x600.jpg 1200w\"   alt=\"Volunteer Team\" data-maxdpr=\"1.7\" class=\"lazyload\" \/>\t\t\t\t\t\t\t<\/span>\n\t\t<\/div>\n\n\t\n<div class=\"fw-divider-space  fw-custom-space  clearfix\" style=\"height:20px;\" ><\/div><div class=\"fw-heading fw-heading-left  tf-sh-cb4175589e2d10c330bd8bfd63354c16\" >\n\t\t\t<h2 class=\"fw-special-title\">TRABAJE COMO VOLUNTARIO<\/h2>\n\t\n\t\n\t<\/div><div class=\"fw-text-box tf-sh-b3586f94dd3c6f2cb121c0c077183e65\" >\n\t<div class=\"fw-text-inner\">\n\t\t<p><span style=\"font-weight: 400;\">Invitamos a los voluntarios que cuenten con aptitudes especializadas en la traducci\u00f3n e interpretaci\u00f3n legal al espa\u00f1ol, la investigaci\u00f3n, desarrollo de comunidades, redacci\u00f3n de solicitudes de subsidio y narrativa. Los voluntarios que habiten en Guadalajara podr\u00e1n participar en nuestras reuniones, actividades locales y oportunidades educativas. Para recibir notificaciones de TODAS las oportunidades futuras de voluntariado, llene el breve cuestionario a continuaci\u00f3n.\u00a0<\/span><\/p>\n\t<\/div>\n<\/div><div class=\"fw-divider-space  fw-custom-space  clearfix\" style=\"height:30px;\" ><\/div><div class=\"text-left\">\t<a href=\"https:\/\/rhizomecenter.org\/es\/?page_id=985&amp;preview=true\" target=\"_self\" class=\"fw-btn tf-sh-9c806ea7163d6a062fae3c2aed10132e  fw-btn-sm   fw-btn-1\"  style=\"\">\n\t\t<span >\n\t\t\tReg\u00edstrese\t\t<\/span>\n\t<\/a>\n<\/div><div class=\"fw-divider-space  fw-custom-space  clearfix\" style=\"height:50px;\" ><\/div>\n\t\n\t\t<div class=\"fw-block-image-parent\"  style=\"width: 100%; \">\n\t\t\t<span class=\"fw-block-image-child fw-ratio-2-1 fw-ratio-container\">\n\t\t\t\t<noscript itemscope itemtype=\"https:\/\/schema.org\/ImageObject\" itemprop=\"image\"><img data-recalc-dims=\"1\" decoding=\"async\" src=\"https:\/\/i0.wp.com\/rhizomecenter.org\/wp-content\/uploads\/2020\/10\/Workshop.png?ssl=1\"  alt=\"Workshop\" data-maxdpr=\"1.7\" class=\"lazyload\" \/><meta itemprop=\"url\" content=\"https:\/\/rhizomecenter.org\/wp-content\/uploads\/2020\/10\/Workshop.png\"><meta itemprop=\"width\" content=\"1182\"><meta itemprop=\"height\" content=\"886\"><\/noscript><img decoding=\"async\" src=\"data:image\/gif;base64,R0lGODlhAQABAIAAAAAAAP\/\/\/yH5BAEAAAAALAAAAAABAAEAAAIBRAA7\" data-sizes=\"auto\" data-srcset=\"https:\/\/rhizomecenter.org\/wp-content\/uploads\/2020\/10\/Workshop-600x300.png 600w\"   alt=\"Workshop\" data-maxdpr=\"1.7\" class=\"lazyload\" \/>\t\t\t\t\t\t\t<\/span>\n\t\t<\/div>\n\n\t\n<div class=\"fw-divider-space  fw-custom-space  clearfix\" style=\"height:20px;\" ><\/div><div class=\"fw-heading fw-heading-left  tf-sh-0530e977e45ada4b0c05e3074991baf7\" >\n\t\t\t<h2 class=\"fw-special-title\">\u00daNASE A LA RED PRO BONO<\/h2>\n\t\n\t\n\t<\/div><div class=\"fw-text-box tf-sh-a3f78b2445d5fd82e148213da8a44151\" >\n\t<div class=\"fw-text-inner\">\n\t\t<p><span style=\"font-weight: 400;\">La red pro bono de abogados ayuda a los migrantes repatriados en riesgo a que naveguen el complejo sistema legal de EE.UU. y reciban la protecci\u00f3n que les corresponde seg\u00fan la ley de EE.UU. Actualmente buscamos abogados migratorios, litigantes, de derecho familiar y penal para que formen parte de nuestra red de asesores y consejeros legales.<\/span><\/p>\n\t<\/div>\n<\/div><div class=\"fw-divider-space  fw-custom-space  clearfix\" style=\"height:30px;\" ><\/div><div class=\"text-left\">\t<a href=\"https:\/\/rhizomecenter.org\/es\/?page_id=968&amp;preview=true\" target=\"_self\" class=\"fw-btn tf-sh-51ce4e68d0acf411136692e90578ac92  fw-btn-sm   fw-btn-1\"  style=\"\">\n\t\t<span >\n\t\t\tReg\u00edstrese\t\t<\/span>\n\t<\/a>\n<\/div><div class=\"fw-divider-space  fw-custom-space  clearfix\" style=\"height:50px;\" ><\/div>\n\t\n\t\t<div class=\"fw-block-image-parent\"  style=\"width: 100%; \">\n\t\t\t<span class=\"fw-block-image-child fw-ratio-2-1 fw-ratio-container\">\n\t\t\t\t<noscript itemscope itemtype=\"https:\/\/schema.org\/ImageObject\" itemprop=\"image\"><img data-recalc-dims=\"1\" decoding=\"async\" src=\"https:\/\/i0.wp.com\/rhizomecenter.org\/wp-content\/uploads\/2020\/10\/DSC_8130.jpg?ssl=1\"  alt=\"DSC_8130\" data-maxdpr=\"1.7\" class=\"lazyload\" \/><meta itemprop=\"url\" content=\"https:\/\/rhizomecenter.org\/wp-content\/uploads\/2020\/10\/DSC_8130.jpg\"><meta itemprop=\"width\" content=\"1920\"><meta itemprop=\"height\" content=\"1080\"><\/noscript><img decoding=\"async\" src=\"data:image\/gif;base64,R0lGODlhAQABAIAAAAAAAP\/\/\/yH5BAEAAAAALAAAAAABAAEAAAIBRAA7\" data-sizes=\"auto\" data-srcset=\"https:\/\/rhizomecenter.org\/wp-content\/uploads\/2020\/10\/DSC_8130-600x300.jpg 600w, https:\/\/rhizomecenter.org\/wp-content\/uploads\/2020\/10\/DSC_8130-1200x600.jpg 1200w\"   alt=\"DSC_8130\" data-maxdpr=\"1.7\" class=\"lazyload\" \/>\t\t\t\t\t\t\t<\/span>\n\t\t<\/div>\n\n\t\n<div class=\"fw-divider-space  fw-custom-space  clearfix\" style=\"height:20px;\" ><\/div><div class=\"fw-heading fw-heading-left  tf-sh-e79a4ed57b8902b1cc49e2134285e090\" >\n\t\t\t<h2 class=\"fw-special-title\">VISITENOS EN GUADALAJARA<\/h2>\n\t\n\t\n\t<\/div><div class=\"fw-text-box tf-sh-fe9fa1ba8c60b4c895f686a6e62b7d99\" >\n\t<div class=\"fw-text-inner\">\n\t\t<p><span style=\"font-weight: 400;\">Attorneys, rights advocates, law students, and LL.M.s <\/span>are invited to visit us in Guadalajara, Mexico, for a one-week intensive study of migration and return migration from the ground. This unique opportunity, offered two times a year, will enrich your understanding of how U.S. and Mexican immigration policies continue to impact the region. During the program, you will meet with leading cross-border actors, as well as migrants, asylum seekers, refugees, and deportees themselves.<\/p>\n\t<\/div>\n<\/div><div class=\"fw-divider-space  fw-custom-space  clearfix\" style=\"height:30px;\" ><\/div><div class=\"text-left\">\t<a href=\"https:\/\/rhizomecenter.org\/es\/educational-programs\/\" target=\"_self\" class=\"fw-btn tf-sh-877e6128cfd043c635e0d4e9c7f655d2  fw-btn-sm   fw-btn-1\"  style=\"\">\n\t\t<span >\n\t\t\tInscr\u00edbase\t\t<\/span>\n\t<\/a>\n<\/div>\t\t<\/div>\n\t<\/div>\n<\/div><div id=\"column-69f1ba0f48a99\" class=\"fw-col-sm-4 tf-sh-879f20fce36ca6e31eeb62dbd90d4bf5\" >\n\t<div class=\"fw-wrap-col-inner clearfix\"   >\n\t\t\t\t<div class=\"fw-col-inner\">\n\t\t\t<div class=\"fw-divider-space space-sm  clearfix\"  ><\/div><div class=\"fw-heading fw-heading-center  fw-heading-with-subtitle tf-sh-1d22e21716ae7f368e36ffed19ff025a\" >\n\t\t\t<h3 class=\"fw-special-title\">MANT\u00c9NGASE CONECTADO<\/h3>\n\t\n\t\n\t\t\t<div class=\"fw-special-subtitle\">Nuestras actualizaciones lo mantendr\u00e1n informado acerca de la situaci\u00f3n en M\u00e9xico, las noticias del Centro Rizoma del Migrante y m\u00e1s.<\/div>\n\t<\/div><div class=\"fw-text-box tf-sh-33daba901089b23ef1e13a30fac79192\" >\n\t<div class=\"fw-text-inner\">\n\t\t<p><script>(function() {\n\twindow.mc4wp = window.mc4wp || {\n\t\tlisteners: [],\n\t\tforms: {\n\t\t\ton: function(evt, cb) {\n\t\t\t\twindow.mc4wp.listeners.push(\n\t\t\t\t\t{\n\t\t\t\t\t\tevent   : evt,\n\t\t\t\t\t\tcallback: cb\n\t\t\t\t\t}\n\t\t\t\t);\n\t\t\t}\n\t\t}\n\t}\n})();\n<\/script><!-- Mailchimp for WordPress v4.9.17 - https:\/\/wordpress.org\/plugins\/mailchimp-for-wp\/ --><form id=\"mc4wp-form-1\" class=\"mc4wp-form mc4wp-form-1468\" method=\"post\" data-id=\"1468\" data-name=\"Subscriber List\" action=\"\" ><div class=\"mc4wp-form-fields\"><p>\r\n    <label>Nombre:<\/label>\r\n    <input type=\"text\" name=\"FNAME\" placeholder=\"First name\"\r\n    required=\"\">\r\n<\/p>\r\n<p>\r\n    <label>Apellido:<\/label>\r\n    <input type=\"text\" name=\"LNAME\" placeholder=\"Last name\"\r\n    required=\"\">\r\n<\/p>\r\n\r\n<p>\r\n\t<label>Correo electr\u00f3nico: <\/label>\r\n\t<input type=\"email\" name=\"EMAIL\" placeholder=\"Your email address\" required \/>\r\n<\/p>\r\n\r\n<p>\r\n\t<input type=\"submit\" value=\"Reg\u00edstrese\" \/>\r\n<\/p><\/div><label style=\"display: none !important;\">Leave this field empty if you're human: <input type=\"text\" name=\"_mc4wp_honeypot\" value=\"\" tabindex=\"-1\" autocomplete=\"off\" \/><\/label><input type=\"hidden\" name=\"_mc4wp_timestamp\" value=\"1777449487\" \/><input type=\"hidden\" name=\"_mc4wp_form_id\" value=\"1468\" \/><input type=\"hidden\" name=\"_mc4wp_form_element_id\" value=\"mc4wp-form-1\" \/><div class=\"mc4wp-response\"><\/div><input type=\"hidden\" name=\"trp-form-language\" value=\"es\"\/><\/form><!-- \/ Mailchimp for WordPress Plugin --><\/p>\n\t<\/div>\n<\/div><div class=\"fw-divider-space space-sm  clearfix\"  ><\/div>\t\t<\/div>\n\t<\/div>\n<\/div><\/div>\n\n<div class=\"fw-row\">\n\t<div id=\"column-69f1ba0f4a950\" class=\"fw-col-sm-12 tf-sh-f928e9d1638b3c7d584c12eea5aa2fc6\" >\n\t<div class=\"fw-wrap-col-inner clearfix\"   >\n\t\t\t\t<div class=\"fw-col-inner\">\n\t\t\t<div class=\"fw-divider-space  fw-custom-space  clearfix\" style=\"height:80px;\" ><\/div>\t\t<\/div>\n\t<\/div>\n<\/div><\/div>\n\n\t<\/div>\n\t<\/section><\/p>","protected":false},"excerpt":{"rendered":"<p>GET INVOLVED DONATE An average of 15,000 Mexicans were deported each month this year. Mexico has been and remains the country most affected by repatriation. Our team is dedicated to providing legal, humanitarian, and capacity building support to the deported community. Learn more about our work from our clients, volunteers, donors, and local leaders.\u00a0 Donate [&hellip;]<\/p>","protected":false},"author":2,"featured_media":0,"parent":0,"menu_order":0,"comment_status":"closed","ping_status":"open","template":"visual-builder-template.php","meta":{"give_campaign_id":0,"footnotes":""},"class_list":["post-17","page","type-page","status-publish","hentry"],"campaignId":"","jetpack_sharing_enabled":true,"_links":{"self":[{"href":"https:\/\/rhizomecenter.org\/es\/wp-json\/wp\/v2\/pages\/17","targetHints":{"allow":["GET"]}}],"collection":[{"href":"https:\/\/rhizomecenter.org\/es\/wp-json\/wp\/v2\/pages"}],"about":[{"href":"https:\/\/rhizomecenter.org\/es\/wp-json\/wp\/v2\/types\/page"}],"author":[{"embeddable":true,"href":"https:\/\/rhizomecenter.org\/es\/wp-json\/wp\/v2\/users\/2"}],"replies":[{"embeddable":true,"href":"https:\/\/rhizomecenter.org\/es\/wp-json\/wp\/v2\/comments?post=17"}],"version-history":[{"count":0,"href":"https:\/\/rhizomecenter.org\/es\/wp-json\/wp\/v2\/pages\/17\/revisions"}],"wp:attachment":[{"href":"https:\/\/rhizomecenter.org\/es\/wp-json\/wp\/v2\/media?parent=17"}],"curies":[{"name":"wp","href":"https:\/\/api.w.org\/{rel}","templated":true}]}}