{"id":13,"date":"2016-01-28T13:22:12","date_gmt":"2016-01-28T13:22:12","guid":{"rendered":"https:\/\/rhizomecenter.org\/?page_id=13"},"modified":"2022-08-15T09:17:13","modified_gmt":"2022-08-15T14:17:13","slug":"special-reports","status":"publish","type":"page","link":"https:\/\/rhizomecenter.org\/es\/about\/special-reports\/","title":{"rendered":"Special Reports"},"content":{"rendered":"<section   class=\"fw-main-row-custom fw-main-row-top fw-section-no-padding  auto  fw-section-position-back tf-sh-a3894800261ec24ca9dfb69c2ea81038\"    >\n\t\t\t<div class=\"fw-container\" >\n\t\t<div class=\"fw-row\">\n\t<div id=\"column-69f0bfaf20b56\" class=\"fw-col-sm-12 tf-sh-ca9f1a784fe27bbdb10bd93cbc62a41d\" >\n\t<div class=\"fw-wrap-col-inner clearfix\"   >\n\t\t\t\t<div class=\"fw-col-inner\">\n\t\t\t<div class=\"fw-divider-space  fw-custom-space  clearfix\" style=\"height:100px;\" ><\/div>\t\t<\/div>\n\t<\/div>\n<\/div><\/div>\n\n<div class=\"fw-row\">\n\t<div id=\"column-69f0bfaf20c44\" class=\"fw-col-sm-8 tf-sh-cd981a19a5cb59eb6da3b5ba2269b163  fw-col-no-padding\" >\n\t<div class=\"fw-wrap-col-inner clearfix\"   >\n\t\t\t\t<div class=\"fw-col-inner\">\n\t\t\t<div class=\"fw-heading fw-heading-left  tf-sh-c81d7edeb2cd77f9ab924d7e69751a67\" >\n\t\t\t<h1 class=\"fw-special-title\">REPORTES <span style=\"font-weight:900;\">ESPECIALES<\/span><\/h1>\n\t\n\t\n\t<\/div><div class=\"fw-divider-space  fw-custom-space  clearfix\" style=\"height:50px;\" ><\/div>\t\t<\/div>\n\t<\/div>\n<\/div><div id=\"column-69f0bfaf20d0e\" class=\"fw-col-sm-4 tf-sh-fea2fc208fb4cfdff7fb6ce0ce063333  fw-col-no-padding\" >\n\t<div class=\"fw-wrap-col-inner clearfix\"   >\n\t\t\t\t<div class=\"fw-col-inner\">\n\t\t\t<div class=\"fw-text-box tf-sh-bff0989c772d53eaa3415fcd333b7e7f\" >\n\t<div class=\"fw-text-inner\">\n\t\t<p><div class=\"ss-inline-share-wrapper\"><div class=\"ss-inline-share-content\"><\/div><\/div><\/p>\n\t<\/div>\n<\/div>\t\t<\/div>\n\t<\/div>\n<\/div><\/div>\n\n<div class=\"fw-row\">\n\t<div id=\"column-69f0bfaf20f5e\" class=\"fw-col-sm-6 tf-sh-09c20a8e4b9dde1cbd880e80d79775f6\" >\n\t<div class=\"fw-wrap-col-inner clearfix fw_theme_border_only_color_5  fw-column-height-custom\" style=\"border-width: 15px; border-style: solid; height: 326px;\"  >\n\t\t\t\t\t<div class=\"fw-main-row-overlay\"><\/div>\n\t\t\t\t<div class=\"fw-col-inner\">\n\t\t\t<div class=\"fw-divider-space  fw-custom-space  fw-tablet-landscape-hide-element fw-tablet-hide-element fw-mobile-hide-element clearfix\" style=\"height:20px;\" ><\/div><div class=\"fw-heading fw-heading-center  tf-sh-897f1dc70e034efe417535b4babf5773\" >\n\t\t\t<h4 class=\"fw-special-title\">U.S. CITIZENS IN MEXICO: DISPLACED WITHOUT PROTECTION<\/h4>\n\t\n\t\n\t<\/div>\t<div  class=\"fw-divider tf-sh-1b734a4da8def0277daf299d5e362a97  fw-divider-align-center fw-line-solid fw-divider-line   fw_theme_border_only_color_2\"  style=\"width:96px; padding-top:15px; margin-bottom:25px; \" ><\/div>\n<div class=\"fw-text-box tf-sh-03373e88a5029b4e4f1ac8649d8a0e30\" >\n\t<div class=\"fw-text-inner\">\n\t\t<p style=\"text-align: center;\">Co-deported with their Mexican family members, these Americans are in need of improved <span class=\"break-words\"><span dir=\"ltr\">consular services and a diaspora policy that considers them.<\/span><\/span><\/p>\n\t<\/div>\n<\/div><div class=\"fw-divider-space  fw-custom-space  clearfix\" style=\"height:20px;\" ><\/div><div class=\"fw-text-box tf-sh-ca5982b46c8544740b88d807c20bb8e3\" >\n\t<div class=\"fw-text-inner\">\n\t\t<p style=\"text-align: center;\"><span style=\"color: #72c0d3;\"><a style=\"color: #72c0d3;\" href=\"https:\/\/www.bakerinstitute.org\/research\/us-citizens-in-mexico-displaced-without-protection\/\" target=\"_blank\" rel=\"noopener\">Published by the Center for the U.S. and Mexico - August 4, 2022<\/a><\/span><\/p>\n\t<\/div>\n<\/div><div class=\"fw-divider-space  fw-custom-space  clearfix\" style=\"height:20px;\" ><\/div>\t\t<\/div>\n\t<\/div>\n<\/div><div id=\"column-69f0bfaf210f1\" class=\"fw-col-sm-6 tf-sh-0240382844c9359620f32a73c7aa1275\" >\n\t<div class=\"fw-wrap-col-inner clearfix fw_theme_border_only_color_5  fw-column-height-custom\" style=\"border-width: 15px; border-style: solid; height: 326px;\"  >\n\t\t\t\t\t<div class=\"fw-main-row-overlay\"><\/div>\n\t\t\t\t<div class=\"fw-col-inner\">\n\t\t\t<div class=\"fw-divider-space  fw-custom-space  fw-tablet-landscape-hide-element fw-tablet-hide-element fw-mobile-hide-element clearfix\" style=\"height:20px;\" ><\/div><div class=\"fw-heading fw-heading-center  tf-sh-239730558efcc3f45f81d0ae890f6258\" >\n\t\t\t<h4 class=\"fw-special-title\">EX RESIDENTES PERMANENTES LEGALES (LPRS) SIN PENSI\u00d3N<\/h4>\n\t\n\t\n\t<\/div>\t<div  class=\"fw-divider tf-sh-04758c9118f952c9a9bbf58237ca14f0  fw-divider-align-center fw-line-solid fw-divider-line   fw_theme_border_only_color_2\"  style=\"width:96px; padding-top:15px; margin-bottom:25px; \" ><\/div>\n<div class=\"fw-text-box tf-sh-70ab6b4518411040a4308c06b53e3904\" >\n\t<div class=\"fw-text-inner\">\n\t\t<p style=\"text-align: center;\">Cada vez m\u00e1s LPRS de EE.UU. mexicanos perder\u00edan acceso a sus aportaciones al Seguro Social de EE.UU. a causa de la deportaci\u00f3n.<\/p>\n\t<\/div>\n<\/div><div class=\"fw-divider-space  fw-custom-space  clearfix\" style=\"height:20px;\" ><\/div><div class=\"fw-text-box tf-sh-962c62d7bd037e1c4d02721a056550ea\" >\n\t<div class=\"fw-text-inner\">\n\t\t<p style=\"text-align: center;\"><span style=\"color: #72c0d3;\"><a style=\"color: #72c0d3;\" href=\"https:\/\/www.bakerinstitute.org\/research\/former-us-lawful-permanent-residents-retired-without-benefits\/\" target=\"_blank\" rel=\"noopener\">Publicado por el Centro para los Estados Unidos y M\u00e9xico \u2013 15 de abril de 2020<\/a><\/span><\/p>\n\t<\/div>\n<\/div><div class=\"fw-divider-space  fw-custom-space  clearfix\" style=\"height:20px;\" ><\/div>\t\t<\/div>\n\t<\/div>\n<\/div><\/div>\n\n<div class=\"fw-row\">\n\t<div id=\"column-69f0bfaf21244\" class=\"fw-col-sm-6 tf-sh-bd4aa1c0b8ead2d79a9d083e97eeda7e\" >\n\t<div class=\"fw-wrap-col-inner clearfix fw_theme_border_only_color_5  fw-column-height-custom\" style=\"border-width: 15px; border-style: solid; height: 326px;\"  >\n\t\t\t\t\t<div class=\"fw-main-row-overlay\"><\/div>\n\t\t\t\t<div class=\"fw-col-inner\">\n\t\t\t<div class=\"fw-divider-space  fw-custom-space  fw-tablet-landscape-hide-element fw-tablet-hide-element fw-mobile-hide-element clearfix\" style=\"height:20px;\" ><\/div><div class=\"fw-heading fw-heading-center  tf-sh-9e4420030e61228b084ce81664ffaa6e\" >\n\t\t\t<h4 class=\"fw-special-title\">TRABAJADORES MAYORES INDOCUMENTADOS<\/h4>\n\t\n\t\n\t<\/div>\t<div  class=\"fw-divider tf-sh-037b78564adcea87bd446b3e390fa3f5  fw-divider-align-center fw-line-solid fw-divider-line   fw_theme_border_only_color_2\"  style=\"width:96px; padding-top:15px; margin-bottom:25px; \" ><\/div>\n<div class=\"fw-text-box tf-sh-8118ae2edb73d2af51e4156457a0f2c8\" >\n\t<div class=\"fw-text-inner\">\n\t\t<p style=\"text-align: center;\">Tras pasar sus a\u00f1os m\u00e1s productivos en EE.UU., est\u00e1n entre los millones que quiz\u00e1 no cumplan los requisitos de las redes de apoyo para los trabajadores pobres, incapacitados o jubilados.<\/p>\n\t<\/div>\n<\/div><div class=\"fw-divider-space  fw-custom-space  clearfix\" style=\"height:20px;\" ><\/div><div class=\"fw-text-box tf-sh-df206c41bd95f583e0734d94120648ed\" >\n\t<div class=\"fw-text-inner\">\n\t\t<p style=\"text-align: center;\"><span style=\"color: #72c0d3;\"><a style=\"color: #72c0d3;\" href=\"https:\/\/www.bakerinstitute.org\/research\/elderly-undocumented-workers\/\" target=\"_blank\" rel=\"noopener\">Publicado por <\/a><a style=\"color: #72c0d3;\" href=\"https:\/\/www.bakerinstitute.org\/research\/elderly-undocumented-workers\/\" target=\"_blank\" rel=\"noopener\">el Centro para los Estados Unidos y M\u00e9xico<\/a><a style=\"color: #72c0d3;\" href=\"https:\/\/www.bakerinstitute.org\/research\/elderly-undocumented-workers\/\" target=\"_blank\" rel=\"noopener\"> - 30 de julio de 2019<\/a><\/span><\/p>\n\t<\/div>\n<\/div><div class=\"fw-divider-space  fw-custom-space  clearfix\" style=\"height:20px;\" ><\/div>\t\t<\/div>\n\t<\/div>\n<\/div><\/div>\n\n<div class=\"fw-row\">\n\t<div id=\"column-69f0bfaf2137a\" class=\"fw-col-sm-12 tf-sh-ca9f1a784fe27bbdb10bd93cbc62a41d\" >\n\t<div class=\"fw-wrap-col-inner clearfix\"   >\n\t\t\t\t<div class=\"fw-col-inner\">\n\t\t\t<div class=\"fw-divider-space  fw-custom-space  clearfix\" style=\"height:50px;\" ><\/div>\t\t<\/div>\n\t<\/div>\n<\/div><\/div>\n\n<div class=\"fw-row\">\n\t<div id=\"column-69f0bfaf213ea\" class=\"fw-col-sm-12 tf-sh-ca9f1a784fe27bbdb10bd93cbc62a41d\" >\n\t<div class=\"fw-wrap-col-inner clearfix\"   >\n\t\t\t\t<div class=\"fw-col-inner\">\n\t\t\t<div class=\"fw-divider-space  fw-custom-space  fw-tablet-landscape-hide-element fw-tablet-hide-element fw-mobile-hide-element clearfix\" style=\"height:100px;\" ><\/div>\t\t<\/div>\n\t<\/div>\n<\/div><\/div>\n\n\t<\/div>\n\t<\/section>","protected":false},"excerpt":{"rendered":"<p>SPECIAL REPORTS U.S. CITIZENS IN MEXICO: DISPLACED WITHOUT PROTECTION Co-deported with their Mexican family members, these Americans are in need of improved consular services and a diaspora policy that considers them. Published by the Center for the U.S. and Mexico &#8211; August 4, 2022 FORMER U.S. LPRS: RETIRED WITHOUT BENEFITS An increasing number of Mexican [&hellip;]<\/p>","protected":false},"author":2,"featured_media":0,"parent":6,"menu_order":0,"comment_status":"closed","ping_status":"open","template":"visual-builder-template.php","meta":{"give_campaign_id":0,"footnotes":""},"class_list":["post-13","page","type-page","status-publish","hentry"],"campaignId":"","jetpack_sharing_enabled":true,"_links":{"self":[{"href":"https:\/\/rhizomecenter.org\/es\/wp-json\/wp\/v2\/pages\/13","targetHints":{"allow":["GET"]}}],"collection":[{"href":"https:\/\/rhizomecenter.org\/es\/wp-json\/wp\/v2\/pages"}],"about":[{"href":"https:\/\/rhizomecenter.org\/es\/wp-json\/wp\/v2\/types\/page"}],"author":[{"embeddable":true,"href":"https:\/\/rhizomecenter.org\/es\/wp-json\/wp\/v2\/users\/2"}],"replies":[{"embeddable":true,"href":"https:\/\/rhizomecenter.org\/es\/wp-json\/wp\/v2\/comments?post=13"}],"version-history":[{"count":0,"href":"https:\/\/rhizomecenter.org\/es\/wp-json\/wp\/v2\/pages\/13\/revisions"}],"up":[{"embeddable":true,"href":"https:\/\/rhizomecenter.org\/es\/wp-json\/wp\/v2\/pages\/6"}],"wp:attachment":[{"href":"https:\/\/rhizomecenter.org\/es\/wp-json\/wp\/v2\/media?parent=13"}],"curies":[{"name":"wp","href":"https:\/\/api.w.org\/{rel}","templated":true}]}}