{"id":10,"date":"2016-01-28T13:20:25","date_gmt":"2016-01-28T13:20:25","guid":{"rendered":"https:\/\/rhizomecenter.org\/?page_id=10"},"modified":"2023-03-28T20:10:00","modified_gmt":"2023-03-29T02:10:00","slug":"our-team","status":"publish","type":"page","link":"https:\/\/rhizomecenter.org\/es\/about\/our-team\/","title":{"rendered":""},"content":{"rendered":"<section   class=\"fw-main-row-custom fw-main-row-top fw-section-no-padding  auto  fw-section-position-back tf-sh-ba88c06e2617e709a3a9f574fad65d91\"    >\n\t\t\t<div class=\"fw-container\" >\n\t\t<div class=\"fw-row\">\n\t<div id=\"column-69f0804c2077c\" class=\"fw-col-sm-8 tf-sh-cd981a19a5cb59eb6da3b5ba2269b163\" >\n\t<div class=\"fw-wrap-col-inner clearfix\"   >\n\t\t\t\t<div class=\"fw-col-inner\">\n\t\t\t<div class=\"fw-heading fw-heading-left  tf-sh-c81d7edeb2cd77f9ab924d7e69751a67\" >\n\t\t\t<h1 class=\"fw-special-title translation-block\">NUESTRO EQUIPO<\/h1>\n\t\n\t\n\t<\/div><div class=\"fw-divider-space space-md  clearfix\"  ><\/div>\t\t<\/div>\n\t<\/div>\n<\/div><div id=\"column-69f0804c20a48\" class=\"fw-col-sm-4 tf-sh-fea2fc208fb4cfdff7fb6ce0ce063333\" >\n\t<div class=\"fw-wrap-col-inner clearfix\"   >\n\t\t\t\t<div class=\"fw-col-inner\">\n\t\t\t<div class=\"fw-text-box tf-sh-cbbd1045b6816f4541f834411f310603\" >\n\t<div class=\"fw-text-inner\">\n\t\t<p><div class=\"ss-inline-share-wrapper\"><div class=\"ss-inline-share-content\"><\/div><\/div><\/p>\n\t<\/div>\n<\/div>\t\t<\/div>\n\t<\/div>\n<\/div><\/div>\n\n<div class=\"fw-row\">\n\t<div id=\"column-69f0804c20e18\" class=\"fw-col-sm-4 tf-sh-3fb3fd61f0e96c69e8ec16d9bd4e0cd3\" >\n\t<div class=\"fw-wrap-col-inner clearfix\"   >\n\t\t\t\t<div class=\"fw-col-inner\">\n\t\t\t\t<div class=\"fw-team tf-sh-bb217b90677452f516ef831fe7117b69  fw-content-align-center fw-team-member-type-1\" >\n\t\t\t\t\t<div style=\"width: 100%;\" class=\"fw-team-image fw-block-image-parent\">\n\t\t\t\t<div class=\"fw-block-image-child fw-ratio-1 fw-ratio-container\"><noscript itemscope itemtype=\"https:\/\/schema.org\/ImageObject\" itemprop=\"image\"><img data-recalc-dims=\"1\" decoding=\"async\" src=\"https:\/\/i0.wp.com\/rhizomecenter.org\/wp-content\/uploads\/2018\/11\/DSC_5274.jpg?ssl=1\"  alt=\"DSC_5274\" data-maxdpr=\"1.7\" class=\"lazyload\" \/><meta itemprop=\"url\" content=\"https:\/\/rhizomecenter.org\/wp-content\/uploads\/2018\/11\/DSC_5274.jpg\"><meta itemprop=\"width\" content=\"1943\"><meta itemprop=\"height\" content=\"2048\"><\/noscript><img decoding=\"async\" src=\"data:image\/gif;base64,R0lGODlhAQABAIAAAAAAAP\/\/\/yH5BAEAAAAALAAAAAABAAEAAAIBRAA7\" data-sizes=\"auto\" data-srcset=\"https:\/\/rhizomecenter.org\/wp-content\/uploads\/2018\/11\/DSC_5274-150x150.jpg 150w, https:\/\/rhizomecenter.org\/wp-content\/uploads\/2018\/11\/DSC_5274-800x800.jpg 800w, https:\/\/rhizomecenter.org\/wp-content\/uploads\/2018\/11\/DSC_5274-300x300.jpg 300w\"   alt=\"DSC_5274\" data-maxdpr=\"1.7\" class=\"lazyload\" \/><\/div>\n\t\t\t<\/div>\n\t\t\n\t\t<div class=\"fw-team-inner\" style=\"\">\n\t\t\t<div class=\"fw-team-name\">\n\t\t\t\t\t\t\t\t\t<h3>Tran <span style=\"font-weight:900; font-family:lato; font-size:30px;\">DANG<\/span><\/h3>\n\t\t\t\t\t\t\t\t\t\t\t\t\t<span>Fundadora y Directora Ejecutiva<\/span>\n\t\t\t\t\t\t\t<\/div>\n\n\t\t\t\n\t\t\t\t\t<\/div>\n\t<\/div>\n<div class=\"fw-text-box tf-sh-9843dd382861fc95a73e8bb6c7e1784b\" >\n\t<div class=\"fw-text-inner\">\n\t\t<p><span style=\"font-weight: 400;\">Tran es abogada con experiencia previa en grandes despachos y represent\u00f3 a v\u00edctimas de persecuci\u00f3n en foros y sistemas de derechos humanos regionales, en la ACNUR y en procedimientos especiales de la ONU. Antes de mudarse a M\u00e9xico, donde habita al d\u00eda de hoy, dirigi\u00f3 una oficina de derechos humanos y cl\u00ednica de apoyo legal en Bangkok, Tailandia. Su trabajo en Latinoam\u00e9rica gira en torno a los derechos de las personas solicitantes de asilo, los trabajadores migrantes y los deportados.\u00a0<\/span><\/p>\n\t<\/div>\n<\/div><div class=\"fw-divider-space space-md  clearfix\"  ><\/div>\t\t<\/div>\n\t<\/div>\n<\/div><div id=\"column-69f0804c220bf\" class=\"fw-col-sm-4 tf-sh-97636eeee848445fa7ac6e8961b2f1f7\" >\n\t<div class=\"fw-wrap-col-inner clearfix\"   >\n\t\t\t\t<div class=\"fw-col-inner\">\n\t\t\t\t<div class=\"fw-team tf-sh-5373f74a0cd82bfa6052e55283a18b9d  fw-content-align-center fw-team-member-type-1\" >\n\t\t\t\t\t<div style=\"width: 100%;\" class=\"fw-team-image fw-block-image-parent\">\n\t\t\t\t<div class=\"fw-block-image-child fw-ratio-1 fw-ratio-container\"><noscript itemscope itemtype=\"https:\/\/schema.org\/ImageObject\" itemprop=\"image\"><img data-recalc-dims=\"1\" decoding=\"async\" src=\"https:\/\/i0.wp.com\/rhizomecenter.org\/wp-content\/uploads\/2021\/10\/Jess-B-e1634309952399.jpg?ssl=1\"  alt=\"Jess B\" data-maxdpr=\"1.7\" class=\"lazyload\" \/><meta itemprop=\"url\" content=\"https:\/\/rhizomecenter.org\/wp-content\/uploads\/2021\/10\/Jess-B-e1634309952399.jpg\"><meta itemprop=\"width\" content=\"1243\"><meta itemprop=\"height\" content=\"1184\"><\/noscript><img decoding=\"async\" src=\"data:image\/gif;base64,R0lGODlhAQABAIAAAAAAAP\/\/\/yH5BAEAAAAALAAAAAABAAEAAAIBRAA7\" data-sizes=\"auto\" data-srcset=\"https:\/\/rhizomecenter.org\/wp-content\/uploads\/2021\/10\/Jess-B-e1634309952399-150x150.jpg 150w, https:\/\/rhizomecenter.org\/wp-content\/uploads\/2021\/10\/Jess-B-e1634309952399-800x800.jpg 800w, https:\/\/rhizomecenter.org\/wp-content\/uploads\/2021\/10\/Jess-B-e1634309952399-300x300.jpg 300w\"   alt=\"Jess B\" data-maxdpr=\"1.7\" class=\"lazyload\" \/><\/div>\n\t\t\t<\/div>\n\t\t\n\t\t<div class=\"fw-team-inner\" style=\"\">\n\t\t\t<div class=\"fw-team-name\">\n\t\t\t\t\t\t\t\t\t<h3>Jessica <span style=\"font-weight:900; font-family:lato; font-size:30px;\">BILLEDO<\/span><\/h3>\n\t\t\t\t\t\t\t\t\t\t\t\t\t<span>Board Member<\/span>\n\t\t\t\t\t\t\t<\/div>\n\n\t\t\t\n\t\t\t\t\t<\/div>\n\t<\/div>\n<div class=\"fw-text-box tf-sh-ea6bd0d3e3523b54c944bdf5697841f3\" >\n\t<div class=\"fw-text-inner\">\n\t\t<p><span style=\"font-weight: 400;\">Jessica is the Director of Mexico Operations at Coyote Logistics and has 10+ years of experience within the transportation industry. In 2018, she moved to Mexico to kickstart Coyote\u2019s Guadalajara office and expand their cross-border footprint. Jessica began volunteering with us shortly after her arrival and has supported various initiatives and fundraising campaigns before becoming a board member in 2021.<\/span><\/p>\n\t<\/div>\n<\/div><div class=\"fw-divider-space space-md  clearfix\"  ><\/div>\t\t<\/div>\n\t<\/div>\n<\/div><div id=\"column-69f0804c22874\" class=\"fw-col-sm-4 tf-sh-5f472e8af4238bac3aecd75987d3787d\" >\n\t<div class=\"fw-wrap-col-inner clearfix\"   >\n\t\t\t\t<div class=\"fw-col-inner\">\n\t\t\t\t<div class=\"fw-team tf-sh-48fbb84a91af1e408ec3c3877d0862f2  fw-content-align-center fw-team-member-type-1\" >\n\t\t\t\t\t<div style=\"width: 100%;\" class=\"fw-team-image fw-block-image-parent\">\n\t\t\t\t<div class=\"fw-block-image-child fw-ratio-1 fw-ratio-container\"><noscript itemscope itemtype=\"https:\/\/schema.org\/ImageObject\" itemprop=\"image\"><img data-recalc-dims=\"1\" decoding=\"async\" src=\"https:\/\/i0.wp.com\/rhizomecenter.org\/wp-content\/uploads\/2019\/09\/Bethany.jpeg?ssl=1\"  alt=\"Bethany\" data-maxdpr=\"1.7\" class=\"lazyload\" \/><meta itemprop=\"url\" content=\"https:\/\/rhizomecenter.org\/wp-content\/uploads\/2019\/09\/Bethany.jpeg\"><meta itemprop=\"width\" content=\"1200\"><meta itemprop=\"height\" content=\"1199\"><\/noscript><img decoding=\"async\" src=\"data:image\/gif;base64,R0lGODlhAQABAIAAAAAAAP\/\/\/yH5BAEAAAAALAAAAAABAAEAAAIBRAA7\" data-sizes=\"auto\" data-srcset=\"https:\/\/rhizomecenter.org\/wp-content\/uploads\/2019\/09\/Bethany-150x150.jpeg 150w, https:\/\/rhizomecenter.org\/wp-content\/uploads\/2019\/09\/Bethany-300x300.jpeg 300w, https:\/\/rhizomecenter.org\/wp-content\/uploads\/2019\/09\/Bethany-768x767.jpeg 768w, https:\/\/rhizomecenter.org\/wp-content\/uploads\/2019\/09\/Bethany-1024x1024.jpeg 1024w, https:\/\/rhizomecenter.org\/wp-content\/uploads\/2019\/09\/Bethany-800x800.jpeg 800w, https:\/\/rhizomecenter.org\/wp-content\/uploads\/2019\/09\/Bethany-300x300.jpeg 300w, https:\/\/rhizomecenter.org\/wp-content\/uploads\/2019\/09\/Bethany.jpeg 1200w\"   alt=\"Bethany\" data-maxdpr=\"1.7\" class=\"lazyload\" \/><\/div>\n\t\t\t<\/div>\n\t\t\n\t\t<div class=\"fw-team-inner\" style=\"\">\n\t\t\t<div class=\"fw-team-name\">\n\t\t\t\t\t\t\t\t\t<h3>Bethany <span style=\"font-weight:900; font-family:lato; font-size:30px;\">BONNEVILLE<\/span><\/h3>\n\t\t\t\t\t\t\t\t\t\t\t\t\t<span>Board Member<\/span>\n\t\t\t\t\t\t\t<\/div>\n\n\t\t\t\n\t\t\t\t\t<\/div>\n\t<\/div>\n<div class=\"fw-text-box tf-sh-adb21173e611764cbb37397979c4cfe4\" >\n\t<div class=\"fw-text-inner\">\n\t\t<p style=\"text-align: left;\"><span style=\"font-weight: 400;\">Bethany provided group coordination support for our educational programs for law students held every winter and summer in Guadalajara from 2019 - 2020 She has prior experience working at an immigration law firm in Eugene, Oregon, and is a 2023 juris doctorate candidate at the University of Oregon School of Law. As a board member, she is using her on-the-ground knowledge to drive the organization's mission forward.<\/span><\/p>\n\t<\/div>\n<\/div><div class=\"fw-divider-space space-md  clearfix\"  ><\/div>\t\t<\/div>\n\t<\/div>\n<\/div><\/div>\n\n<div class=\"fw-row\">\n\t<div id=\"column-69f0804c22f90\" class=\"fw-col-sm-4 tf-sh-419016df29d2cb9f539695af5a4a486f\" >\n\t<div class=\"fw-wrap-col-inner clearfix\"   >\n\t\t\t\t<div class=\"fw-col-inner\">\n\t\t\t\t<div class=\"fw-team tf-sh-a6ef572346a99839e38d3fb3589e720a  fw-content-align-center fw-team-member-type-1\" >\n\t\t\t\t\t<div style=\"width: 100%;\" class=\"fw-team-image fw-block-image-parent\">\n\t\t\t\t<div class=\"fw-block-image-child fw-ratio-1 fw-ratio-container\"><noscript itemscope itemtype=\"https:\/\/schema.org\/ImageObject\" itemprop=\"image\"><img data-recalc-dims=\"1\" decoding=\"async\" src=\"https:\/\/i0.wp.com\/rhizomecenter.org\/wp-content\/uploads\/2023\/03\/Abdul-BW.jpg?ssl=1\"  alt=\"Abdul\" data-maxdpr=\"1.7\" class=\"lazyload\" \/><meta itemprop=\"url\" content=\"https:\/\/rhizomecenter.org\/wp-content\/uploads\/2023\/03\/Abdul-BW.jpg\"><meta itemprop=\"width\" content=\"700\"><meta itemprop=\"height\" content=\"700\"><\/noscript><img decoding=\"async\" src=\"data:image\/gif;base64,R0lGODlhAQABAIAAAAAAAP\/\/\/yH5BAEAAAAALAAAAAABAAEAAAIBRAA7\" data-sizes=\"auto\" data-srcset=\"https:\/\/rhizomecenter.org\/wp-content\/uploads\/2023\/03\/Abdul-BW-300x300.jpg 300w, https:\/\/rhizomecenter.org\/wp-content\/uploads\/2023\/03\/Abdul-BW-150x150.jpg 150w, https:\/\/rhizomecenter.org\/wp-content\/uploads\/2023\/03\/Abdul-BW-12x12.jpg 12w, https:\/\/rhizomecenter.org\/wp-content\/uploads\/2023\/03\/Abdul-BW-700x691.jpg 700w, https:\/\/rhizomecenter.org\/wp-content\/uploads\/2023\/03\/Abdul-BW-300x300.jpg 300w, https:\/\/rhizomecenter.org\/wp-content\/uploads\/2023\/03\/Abdul-BW.jpg 700w\"   alt=\"Abdul\" data-maxdpr=\"1.7\" class=\"lazyload\" \/><\/div>\n\t\t\t<\/div>\n\t\t\n\t\t<div class=\"fw-team-inner\" style=\"\">\n\t\t\t<div class=\"fw-team-name\">\n\t\t\t\t\t\t\t\t\t<h3>Abdul <span style=\"font-weight:900; font-family:lato; font-size:30px;\">KNOWLES<\/span><\/h3>\n\t\t\t\t\t\t\t\t\t\t\t\t\t<span>Board Member<\/span>\n\t\t\t\t\t\t\t<\/div>\n\n\t\t\t\n\t\t\t\t\t<\/div>\n\t<\/div>\n<div class=\"fw-text-box tf-sh-9eb7c90dfbf48a931b0ed8102eb4b025\" >\n\t<div class=\"fw-text-inner\">\n\t\t<p><span style=\"font-weight: 400;\">Abdul has been an advocate for migrant and refugee rights since 2007 and has conducted doctoral research on refugee law in China. His advocacy and research include migrants from Latin America and Haiti. Abdul has an LL.M. from The University of Texas School of Law. As a board member, he will continue his advocacy and contribute to the long-term future of the Rhizome Center.<\/span><\/p>\n\t<\/div>\n<\/div><div class=\"fw-divider-space space-md  clearfix\"  ><\/div>\t\t<\/div>\n\t<\/div>\n<\/div><div id=\"column-69f0804c234b9\" class=\"fw-col-sm-4 tf-sh-2858cdd9b0efb8c85bcd7c732f9c1841\" >\n\t<div class=\"fw-wrap-col-inner clearfix\"   >\n\t\t\t\t<div class=\"fw-col-inner\">\n\t\t\t\t<div class=\"fw-team tf-sh-0997e45e88740911e1c9fb8f6e9b21a9  fw-content-align-center fw-team-member-type-1\" >\n\t\t\t\t\t<div style=\"width: 100%;\" class=\"fw-team-image fw-block-image-parent\">\n\t\t\t\t<div class=\"fw-block-image-child fw-ratio-1 fw-ratio-container\"><noscript itemscope itemtype=\"https:\/\/schema.org\/ImageObject\" itemprop=\"image\"><img data-recalc-dims=\"1\" decoding=\"async\" src=\"https:\/\/i0.wp.com\/rhizomecenter.org\/wp-content\/uploads\/2018\/06\/Khanh.png?ssl=1\"  alt=\"Khanh\" data-maxdpr=\"1.7\" class=\"lazyload\" \/><meta itemprop=\"url\" content=\"https:\/\/rhizomecenter.org\/wp-content\/uploads\/2018\/06\/Khanh.png\"><meta itemprop=\"width\" content=\"437\"><meta itemprop=\"height\" content=\"521\"><\/noscript><img decoding=\"async\" src=\"data:image\/gif;base64,R0lGODlhAQABAIAAAAAAAP\/\/\/yH5BAEAAAAALAAAAAABAAEAAAIBRAA7\" data-sizes=\"auto\" data-srcset=\"https:\/\/rhizomecenter.org\/wp-content\/uploads\/2018\/06\/Khanh-150x150.png 150w, https:\/\/rhizomecenter.org\/wp-content\/uploads\/2018\/06\/Khanh-300x300.png 300w\"   alt=\"Khanh\" data-maxdpr=\"1.7\" class=\"lazyload\" \/><\/div>\n\t\t\t<\/div>\n\t\t\n\t\t<div class=\"fw-team-inner\" style=\"\">\n\t\t\t<div class=\"fw-team-name\">\n\t\t\t\t\t\t\t\t\t<h3>Khanh <span style=\"font-weight:900; font-family:lato; font-size:30px;\">PHAM<\/span><\/h3>\n\t\t\t\t\t\t\t\t\t\t\t\t\t<span>Asesor de inmigraci\u00f3n<\/span>\n\t\t\t\t\t\t\t<\/div>\n\n\t\t\t\n\t\t\t\t\t<\/div>\n\t<\/div>\n<div class=\"fw-text-box tf-sh-ada24670bab9776d7d7d0099c2b9d13f\" >\n\t<div class=\"fw-text-inner\">\n\t\t<p><span style=\"font-weight: 400;\">Khanh is an immigration attorney with 15+ years of experience. He handles all immigration-related matters and has extensive experience representing clients in asylum requests, adjustment of status filings, and removal proceedings. He is the former legal director at BPSOS-Houston\u2019s immigration clinic and current co-host of a popular national, weekly immigration legal advice program on Radio VOA Tieng Viet.<\/span><\/p>\n\t<\/div>\n<\/div><div class=\"fw-divider-space space-md  clearfix\"  ><\/div>\t\t<\/div>\n\t<\/div>\n<\/div><div id=\"column-69f0804c23920\" class=\"fw-col-sm-4 tf-sh-e3a058ee66156ead11629a821f19a0da\" >\n\t<div class=\"fw-wrap-col-inner clearfix\"   >\n\t\t\t\t<div class=\"fw-col-inner\">\n\t\t\t\t<div class=\"fw-team tf-sh-4c3bd2c452922b6a07829ff7ba2b9257  fw-content-align-center fw-team-member-type-1\" >\n\t\t\t\t\t<div style=\"width: 100%;\" class=\"fw-team-image fw-block-image-parent\">\n\t\t\t\t<div class=\"fw-block-image-child fw-ratio-1 fw-ratio-container\"><noscript itemscope itemtype=\"https:\/\/schema.org\/ImageObject\" itemprop=\"image\"><img data-recalc-dims=\"1\" decoding=\"async\" src=\"https:\/\/i0.wp.com\/rhizomecenter.org\/wp-content\/uploads\/2019\/04\/Jorge-1.png?ssl=1\"  alt=\"Jorge\" data-maxdpr=\"1.7\" class=\"lazyload\" \/><meta itemprop=\"url\" content=\"https:\/\/rhizomecenter.org\/wp-content\/uploads\/2019\/04\/Jorge-1.png\"><meta itemprop=\"width\" content=\"300\"><meta itemprop=\"height\" content=\"361\"><\/noscript><img decoding=\"async\" src=\"data:image\/gif;base64,R0lGODlhAQABAIAAAAAAAP\/\/\/yH5BAEAAAAALAAAAAABAAEAAAIBRAA7\" data-sizes=\"auto\" data-srcset=\"https:\/\/rhizomecenter.org\/wp-content\/uploads\/2019\/04\/Jorge-1-150x150.png 150w, https:\/\/rhizomecenter.org\/wp-content\/uploads\/2019\/04\/Jorge-1-300x300.png 300w, https:\/\/rhizomecenter.org\/wp-content\/uploads\/2019\/04\/Jorge-1-300x295.png 300w, https:\/\/rhizomecenter.org\/wp-content\/uploads\/2019\/04\/Jorge-1-300x300.png 300w\"   alt=\"Jorge\" data-maxdpr=\"1.7\" class=\"lazyload\" \/><\/div>\n\t\t\t<\/div>\n\t\t\n\t\t<div class=\"fw-team-inner\" style=\"\">\n\t\t\t<div class=\"fw-team-name\">\n\t\t\t\t\t\t\t\t\t<h3>Jorge <span style=\"font-weight:900; font-family:lato; font-size:30px;\">RAM\u00cdREZ<\/span><\/h3>\n\t\t\t\t\t\t\t\t\t\t\t\t\t<span>Gesti\u00f3n tecnol\u00f3gica<\/span>\n\t\t\t\t\t\t\t<\/div>\n\n\t\t\t\n\t\t\t\t\t<\/div>\n\t<\/div>\n<div class=\"fw-text-box tf-sh-bbf25bd0f4e0f995dfd9071547e719b2\" >\n\t<div class=\"fw-text-inner\">\n\t\t<p><span style=\"font-weight: 400;\">Jorge es un artista digital y tecn\u00f3logo mexicano especializado en los procesos generativos y dise\u00f1o por computadora. Su obra abarca la realidad mixta, el dise\u00f1o, el arte y la ciencia. En 2017, se desempe\u00f1\u00f3 como productor y curador de todo el contenido de arte tecnol\u00f3gico que form\u00f3 parte de la propuesta \"Guadalajara, Ciudad de las Artes Digitales\" que se present\u00f3 ante la UNESCO. Actualmente, explora distintas maneras de incorporar el dise\u00f1o y la tecnolog\u00eda impulsados por la comunidad como herramientas para lograr el cambio social.<\/span><\/p>\n\t<\/div>\n<\/div>\t\t<\/div>\n\t<\/div>\n<\/div><\/div>\n\n<div class=\"fw-row\">\n\t<div id=\"column-69f0804c23c9d\" class=\"fw-col-sm-4 tf-sh-70e63b0d99b512f13ab92053c8ec928b\" >\n\t<div class=\"fw-wrap-col-inner clearfix\"   >\n\t\t\t\t<div class=\"fw-col-inner\">\n\t\t\t\t<div class=\"fw-team tf-sh-3946eed866a6652dad882f774fb69d70  fw-content-align-center fw-team-member-type-1\" >\n\t\t\t\t\t<div style=\"width: 100%;\" class=\"fw-team-image fw-block-image-parent\">\n\t\t\t\t<div class=\"fw-block-image-child fw-ratio-1 fw-ratio-container\"><noscript itemscope itemtype=\"https:\/\/schema.org\/ImageObject\" itemprop=\"image\"><img data-recalc-dims=\"1\" decoding=\"async\" src=\"https:\/\/i0.wp.com\/rhizomecenter.org\/wp-content\/uploads\/2019\/10\/IMG-20191002-WA000221.jpg?ssl=1\"  alt=\"Jackie\" data-maxdpr=\"1.7\" class=\"lazyload\" \/><meta itemprop=\"url\" content=\"https:\/\/rhizomecenter.org\/wp-content\/uploads\/2019\/10\/IMG-20191002-WA000221.jpg\"><meta itemprop=\"width\" content=\"1079\"><meta itemprop=\"height\" content=\"1124\"><\/noscript><img decoding=\"async\" src=\"data:image\/gif;base64,R0lGODlhAQABAIAAAAAAAP\/\/\/yH5BAEAAAAALAAAAAABAAEAAAIBRAA7\" data-sizes=\"auto\" data-srcset=\"https:\/\/rhizomecenter.org\/wp-content\/uploads\/2019\/10\/IMG-20191002-WA000221-150x150.jpg 150w, https:\/\/rhizomecenter.org\/wp-content\/uploads\/2019\/10\/IMG-20191002-WA000221-1079x1080.jpg 1079w, https:\/\/rhizomecenter.org\/wp-content\/uploads\/2019\/10\/IMG-20191002-WA000221-800x800.jpg 800w, https:\/\/rhizomecenter.org\/wp-content\/uploads\/2019\/10\/IMG-20191002-WA000221-300x300.jpg 300w\"   alt=\"Jackie\" data-maxdpr=\"1.7\" class=\"lazyload\" \/><\/div>\n\t\t\t<\/div>\n\t\t\n\t\t<div class=\"fw-team-inner\" style=\"\">\n\t\t\t<div class=\"fw-team-name\">\n\t\t\t\t\t\t\t\t\t<h3>Jackie <span style=\"font-weight:900; font-family:lato; font-size:30px;\">RAMOS<\/span><\/h3>\n\t\t\t\t\t\t\t\t\t\t\t\t\t<span>Asesora general y miembro del consejo<\/span>\n\t\t\t\t\t\t\t<\/div>\n\n\t\t\t\n\t\t\t\t\t<\/div>\n\t<\/div>\n<div class=\"fw-text-box tf-sh-ce2141f6939ea6a5570723d1464623ff\" >\n\t<div class=\"fw-text-inner\">\n\t\t<div>Jackie is a Houston-based attorney with 15+ years of big law and in-house experience. She began her legal career in the Corporate Group at the international law firm of Baker Botts, before joining the corporate office of a major Mexican grocery chain as Director of Legal Affairs in 2010. Jackie hopes that her work at the Rhizome Center can contribute in helping an underserved community.<\/div>\n\t<\/div>\n<\/div>\t\t<\/div>\n\t<\/div>\n<\/div><div id=\"column-69f0804c23f39\" class=\"fw-col-sm-4 tf-sh-bed4ba62ac61c012965cde14824d50ca\" >\n\t<div class=\"fw-wrap-col-inner clearfix\"   >\n\t\t\t\t<div class=\"fw-col-inner\">\n\t\t\t\t<div class=\"fw-team tf-sh-c06955eb33600c3aff026f76df0134e2  fw-content-align-center fw-team-member-type-1\" >\n\t\t\t\t\t<div style=\"width: 100%;\" class=\"fw-team-image fw-block-image-parent\">\n\t\t\t\t<div class=\"fw-block-image-child fw-ratio-1 fw-ratio-container\"><noscript itemscope itemtype=\"https:\/\/schema.org\/ImageObject\" itemprop=\"image\"><img data-recalc-dims=\"1\" decoding=\"async\" src=\"https:\/\/i0.wp.com\/rhizomecenter.org\/wp-content\/uploads\/2022\/09\/Abi.jpg?ssl=1\"  alt=\"Abi\" data-maxdpr=\"1.7\" class=\"lazyload\" \/><meta itemprop=\"url\" content=\"https:\/\/rhizomecenter.org\/wp-content\/uploads\/2022\/09\/Abi.jpg\"><meta itemprop=\"width\" content=\"1568\"><meta itemprop=\"height\" content=\"1920\"><\/noscript><img decoding=\"async\" src=\"data:image\/gif;base64,R0lGODlhAQABAIAAAAAAAP\/\/\/yH5BAEAAAAALAAAAAABAAEAAAIBRAA7\" data-sizes=\"auto\" data-srcset=\"https:\/\/rhizomecenter.org\/wp-content\/uploads\/2022\/09\/Abi-150x150.jpg 150w, https:\/\/rhizomecenter.org\/wp-content\/uploads\/2022\/09\/Abi-800x800.jpg 800w, https:\/\/rhizomecenter.org\/wp-content\/uploads\/2022\/09\/Abi-300x300.jpg 300w\"   alt=\"Abi\" data-maxdpr=\"1.7\" class=\"lazyload\" \/><\/div>\n\t\t\t<\/div>\n\t\t\n\t\t<div class=\"fw-team-inner\" style=\"\">\n\t\t\t<div class=\"fw-team-name\">\n\t\t\t\t\t\t\t\t\t<h3>Abigail <span style=\"font-weight:900; font-family:lato; font-size:30px;\">THORNTON<\/span><\/h3>\n\t\t\t\t\t\t\t\t\t\t\t\t\t<span>Board Member<\/span>\n\t\t\t\t\t\t\t<\/div>\n\n\t\t\t\n\t\t\t\t\t<\/div>\n\t<\/div>\n<div class=\"fw-text-box tf-sh-f03f7f9e908f764f170ec1998785c390\" >\n\t<div class=\"fw-text-inner\">\n\t\t<p style=\"text-align: left;\" align=\"JUSTIFY\">Abigail \u201cAbi\u201d is an expert on migration, education, and community development with extensive field experience along the U.S.-Mexico border. From 2015-2020, Abi conducted ethnographic research at Casa del Migrante Tijuana's shelter and helped to found Puente TJ, a deportee-led support group connecting new arrivals to jobs and housing. As a board member, she hopes to continue supporting the rights of returned migrants.<\/p>\n\t<\/div>\n<\/div><div class=\"fw-divider-space space-md  clearfix\"  ><\/div>\t\t<\/div>\n\t<\/div>\n<\/div><\/div>\n\n<div class=\"fw-row\">\n\t<div id=\"column-69f0804c24bac\" class=\"fw-col-sm-12 tf-sh-cf256a679dc42df18bb42d4eb0bc4a87\" >\n\t<div class=\"fw-wrap-col-inner clearfix\"   >\n\t\t\t\t<div class=\"fw-col-inner\">\n\t\t\t<div class=\"fw-divider-space space-md  clearfix\"  ><\/div>\t\t<\/div>\n\t<\/div>\n<\/div><\/div>\n\n\t<\/div>\n\t<\/section>","protected":false},"excerpt":{"rendered":"<p>OUR TEAM Tran DANG Founder and Executive Director Tran is a former large law firm attorney who has represented victims of persecution in regional human rights forums and systems, UNHCR, and the UN special procedures. Before moving to Mexico where she currently resides, she directed a human rights office and legal aid clinic in Bangkok, [&hellip;]<\/p>","protected":false},"author":2,"featured_media":0,"parent":6,"menu_order":0,"comment_status":"closed","ping_status":"open","template":"","meta":{"give_campaign_id":0,"footnotes":""},"class_list":["post-10","page","type-page","status-publish","hentry"],"campaignId":"","jetpack_sharing_enabled":true,"_links":{"self":[{"href":"https:\/\/rhizomecenter.org\/es\/wp-json\/wp\/v2\/pages\/10","targetHints":{"allow":["GET"]}}],"collection":[{"href":"https:\/\/rhizomecenter.org\/es\/wp-json\/wp\/v2\/pages"}],"about":[{"href":"https:\/\/rhizomecenter.org\/es\/wp-json\/wp\/v2\/types\/page"}],"author":[{"embeddable":true,"href":"https:\/\/rhizomecenter.org\/es\/wp-json\/wp\/v2\/users\/2"}],"replies":[{"embeddable":true,"href":"https:\/\/rhizomecenter.org\/es\/wp-json\/wp\/v2\/comments?post=10"}],"version-history":[{"count":0,"href":"https:\/\/rhizomecenter.org\/es\/wp-json\/wp\/v2\/pages\/10\/revisions"}],"up":[{"embeddable":true,"href":"https:\/\/rhizomecenter.org\/es\/wp-json\/wp\/v2\/pages\/6"}],"wp:attachment":[{"href":"https:\/\/rhizomecenter.org\/es\/wp-json\/wp\/v2\/media?parent=10"}],"curies":[{"name":"wp","href":"https:\/\/api.w.org\/{rel}","templated":true}]}}